{"id":747,"date":"2020-03-12T16:51:34","date_gmt":"2020-03-12T15:51:34","guid":{"rendered":"https:\/\/www.integral.be\/?page_id=747"},"modified":"2021-12-30T13:10:15","modified_gmt":"2021-12-30T12:10:15","slug":"service","status":"publish","type":"page","link":"https:\/\/integral.software\/fr\/service\/","title":{"rendered":"Service"},"content":{"rendered":"<div class=\"fusion-fullwidth fullwidth-box fusion-builder-row-1 nonhundred-percent-fullwidth non-hundred-percent-height-scrolling\"  style='background-color: rgba(255,255,255,0);background-position: center center;background-repeat: no-repeat;padding-top:0px;padding-right:0px;padding-bottom:0px;padding-left:0px;'><div class=\"fusion-builder-row fusion-row \"><div  class=\"fusion-layout-column fusion_builder_column fusion_builder_column_1_1 fusion-builder-column-1 fusion-one-full fusion-column-first fusion-column-last 1_1\"  style='margin-top:0px;margin-bottom:0px;'>\n\t\t\t\t\t<div class=\"fusion-column-wrapper\" style=\"padding: 0px 0px 0px 0px;background-position:left top;background-repeat:no-repeat;-webkit-background-size:cover;-moz-background-size:cover;-o-background-size:cover;background-size:cover;\"   data-bg-url=\"\">\n\t\t\t\t\t\t<div class=\"fusion-text\"><p><img loading=\"lazy\" decoding=\"async\" class=\"wp-image-759 aligncenter\" src=\"https:\/\/www.integral.be\/wp-content\/uploads\/2020\/03\/selective-focus-photo-of-man-in-official-shirt-sitting-in-2451645-300x200.jpg\" alt=\"\" width=\"374\" height=\"249\" srcset=\"https:\/\/integral.software\/wp-content\/uploads\/2020\/03\/selective-focus-photo-of-man-in-official-shirt-sitting-in-2451645-200x134.jpg 200w, https:\/\/integral.software\/wp-content\/uploads\/2020\/03\/selective-focus-photo-of-man-in-official-shirt-sitting-in-2451645-300x200.jpg 300w, https:\/\/integral.software\/wp-content\/uploads\/2020\/03\/selective-focus-photo-of-man-in-official-shirt-sitting-in-2451645-400x267.jpg 400w, https:\/\/integral.software\/wp-content\/uploads\/2020\/03\/selective-focus-photo-of-man-in-official-shirt-sitting-in-2451645-600x401.jpg 600w, https:\/\/integral.software\/wp-content\/uploads\/2020\/03\/selective-focus-photo-of-man-in-official-shirt-sitting-in-2451645-768x513.jpg 768w, https:\/\/integral.software\/wp-content\/uploads\/2020\/03\/selective-focus-photo-of-man-in-official-shirt-sitting-in-2451645-800x534.jpg 800w, https:\/\/integral.software\/wp-content\/uploads\/2020\/03\/selective-focus-photo-of-man-in-official-shirt-sitting-in-2451645-1024x684.jpg 1024w, https:\/\/integral.software\/wp-content\/uploads\/2020\/03\/selective-focus-photo-of-man-in-official-shirt-sitting-in-2451645-1200x801.jpg 1200w, https:\/\/integral.software\/wp-content\/uploads\/2020\/03\/selective-focus-photo-of-man-in-official-shirt-sitting-in-2451645-1536x1025.jpg 1536w, https:\/\/integral.software\/wp-content\/uploads\/2020\/03\/selective-focus-photo-of-man-in-official-shirt-sitting-in-2451645-scaled.jpg 2560w\" sizes=\"auto, (max-width: 374px) 100vw, 374px\" \/><\/p>\n<div class=\"\" style=\"text-align: center;\"><b class=\"\">Tous les services, un syst\u00e8me unique.<\/b><\/div>\n<h3 style=\"text-align: left;\"><b class=\"\">Dans la pratique&#8230;<\/b><\/h3>\n<div class=\"\"><span class=\"\">Le service pack est une provision d\u2019heures factur\u00e9es et pay\u00e9es au pr\u00e9alable. Les heures sont converties en unit\u00e9s de 5 minutes et votre compte client est cr\u00e9dit\u00e9 du nombre d\u2019unit\u00e9s correspondantes qui s\u2019ajoutent au solde positif ou n\u00e9gatif encore disponible.\u00a0<\/span><\/div>\n<div><\/div>\n<h3><b class=\"\">Je b\u00e9n\u00e9ficie du service pack&#8230;<\/b><\/h3>\n<div class=\"\"><span class=\"\">L\u2019ensemble des services sont couverts, assistance t\u00e9l\u00e9phonique (065 40 40 40), email (help@integral.be) ou par ticket web, assistances \u00e0 distance, formations en nos locaux ou les v\u00f4tres ou encore \u00e0 distance, interventions en nos bureaux ou interventions sur site (d\u00e9placement en sus).<\/span><\/div>\n<div class=\"\"><span class=\"\">Chaque intervention fait l&rsquo;objet d&rsquo;un ticket que vous pouvez consulter par votre compte client sur <a class=\"\" href=\"https:\/\/my.integral.be\">https:\/\/my.integral.be.<\/a>\u00a0Votre solde d&rsquo;unit\u00e9s de 5 minutes y est \u00e9galement toujours visible.<\/span><\/div>\n<div class=\"\"><span class=\"\">Notre service est accessible du lundi au vendredi de 8h \u00e0 12h et de 13h \u00e0 17h (le vendredi jusque 16h). Nous sommes \u00e9galement joignables par email ainsi que via <a class=\"\" href=\"https:\/\/my.integral.be\">https:\/\/my.integral.be<\/a><\/span><\/div>\n<div><\/div>\n<h3><b class=\"\">Tarification<\/b><\/h3>\n<p><img loading=\"lazy\" decoding=\"async\" class=\" wp-image-804 aligncenter\" src=\"https:\/\/www.integral.be\/wp-content\/uploads\/2020\/03\/Tarif-FR-2020-2-300x86.png\" alt=\"\" width=\"847\" height=\"243\" srcset=\"https:\/\/integral.software\/wp-content\/uploads\/2020\/03\/Tarif-FR-2020-2-200x57.png 200w, https:\/\/integral.software\/wp-content\/uploads\/2020\/03\/Tarif-FR-2020-2-300x86.png 300w, https:\/\/integral.software\/wp-content\/uploads\/2020\/03\/Tarif-FR-2020-2-400x115.png 400w, https:\/\/integral.software\/wp-content\/uploads\/2020\/03\/Tarif-FR-2020-2-600x172.png 600w, https:\/\/integral.software\/wp-content\/uploads\/2020\/03\/Tarif-FR-2020-2-768x220.png 768w, https:\/\/integral.software\/wp-content\/uploads\/2020\/03\/Tarif-FR-2020-2-800x229.png 800w, https:\/\/integral.software\/wp-content\/uploads\/2020\/03\/Tarif-FR-2020-2.png 848w\" sizes=\"auto, (max-width: 847px) 100vw, 847px\" \/><\/p>\n<h3><b class=\"\">Conditions<\/b><\/h3>\n<ul class=\"\">\n<li class=\"\"><span class=\"\">Les packs n&rsquo;ont pas d&rsquo;expiration. Toute unit\u00e9 achet\u00e9e et non consomm\u00e9e reste toujours disponible.<\/span><\/li>\n<li class=\"\"><span class=\"\">Les packs sont consomm\u00e9s par unit\u00e9s de 5 minutes, chaque action revient au minimum \u00e0 1 unit\u00e9. \u00a0<\/span>Pour votre facilit\u00e9, \u00e0 l&rsquo;\u00e9ch\u00e9ance du cr\u00e9dit d&rsquo;unit\u00e9s, le pr\u00e9c\u00e9dent pack sera tacitement renouvel\u00e9 et factur\u00e9, sauf instructions contraires pr\u00e9alables.<\/li>\n<li class=\"\">En l&rsquo;absence d&rsquo;un service pack, nous vous servons de la m\u00eame mani\u00e8re. Vous recevrez une facture en fin de mois au tarif de base ou occasionnellement en cours de mois si votre consommation est importante.<\/li>\n<li class=\"\">Dans un soucis de qualit\u00e9 de service, nous assistons toujours toute personne de votre soci\u00e9t\u00e9. Si vous souhaitez contraindre notre relation \u00e0 une seule ou quelques personnes pr\u00e9cises, merci de mettre en place ces contraintes dans votre organisation.<\/li>\n<\/ul>\n<\/div><div class=\"fusion-clearfix\"><\/div>\n\n\t\t\t\t\t<\/div>\n\t\t\t\t<\/div><\/div><\/div>\n","protected":false},"excerpt":{"rendered":"","protected":false},"author":4,"featured_media":0,"parent":0,"menu_order":0,"comment_status":"closed","ping_status":"closed","template":"100-width.php","meta":{"_monsterinsights_skip_tracking":false,"_monsterinsights_sitenote_active":false,"_monsterinsights_sitenote_note":"","_monsterinsights_sitenote_category":0,"footnotes":""},"class_list":["post-747","page","type-page","status-publish","hentry"],"aioseo_notices":[],"_links":{"self":[{"href":"https:\/\/integral.software\/fr\/wp-json\/wp\/v2\/pages\/747","targetHints":{"allow":["GET"]}}],"collection":[{"href":"https:\/\/integral.software\/fr\/wp-json\/wp\/v2\/pages"}],"about":[{"href":"https:\/\/integral.software\/fr\/wp-json\/wp\/v2\/types\/page"}],"author":[{"embeddable":true,"href":"https:\/\/integral.software\/fr\/wp-json\/wp\/v2\/users\/4"}],"replies":[{"embeddable":true,"href":"https:\/\/integral.software\/fr\/wp-json\/wp\/v2\/comments?post=747"}],"version-history":[{"count":26,"href":"https:\/\/integral.software\/fr\/wp-json\/wp\/v2\/pages\/747\/revisions"}],"predecessor-version":[{"id":1027,"href":"https:\/\/integral.software\/fr\/wp-json\/wp\/v2\/pages\/747\/revisions\/1027"}],"wp:attachment":[{"href":"https:\/\/integral.software\/fr\/wp-json\/wp\/v2\/media?parent=747"}],"curies":[{"name":"wp","href":"https:\/\/api.w.org\/{rel}","templated":true}]}}