{"id":462,"date":"2020-01-21T17:22:11","date_gmt":"2020-01-21T16:22:11","guid":{"rendered":"https:\/\/www.integral.be\/?page_id=462"},"modified":"2020-09-07T10:17:42","modified_gmt":"2020-09-07T08:17:42","slug":"agendas-partages","status":"publish","type":"page","link":"https:\/\/integral.software\/fr\/agendas-partages\/","title":{"rendered":"Agendas partag\u00e9s"},"content":{"rendered":"<h2>Votre emploi du temps \u00e0 port\u00e9e de main, partout, tout le temps<\/h2>\n<p>D\u00e8s lors que votre licence d&rsquo;utilisation dispose du module Relations, vous pourrez \u00e9galement profiter d&rsquo;un agenda personnalisable, \u00e0 feuilles multiples, priv\u00e9 ou partag\u00e9 entre coll\u00e8gues, avec ressources et\/ou plannings communs.<\/p>\n<p>Si vous disposez d&rsquo;un h\u00e9bergement, vous pouvez en outre consulter votre agenda \u00e0 partir de n&rsquo;importe quel navigateur internet y\u00a0 compris sur smartphone, sans sp\u00e9cifiquement \u00eatre \u00e9quip\u00e9 du logiciel Integral.<\/p>\n","protected":false},"excerpt":{"rendered":"<p>Votre emploi du temps \u00e0 port\u00e9e de main, partout, tout le temps D\u00e8s lors que votre licence d&rsquo;utilisation dispose du module Relations, vous pourrez \u00e9galement profiter d&rsquo;un agenda personnalisable, \u00e0 feuilles multiples, priv\u00e9 ou partag\u00e9 entre coll\u00e8gues, avec ressources et\/ou plannings communs. Si vous disposez d&rsquo;un h\u00e9bergement, vous pouvez en outre consulter votre agenda \u00e0 [&hellip;]<\/p>\n","protected":false},"author":4,"featured_media":0,"parent":0,"menu_order":0,"comment_status":"closed","ping_status":"closed","template":"","meta":{"_monsterinsights_skip_tracking":false,"_monsterinsights_sitenote_active":false,"_monsterinsights_sitenote_note":"","_monsterinsights_sitenote_category":0,"footnotes":""},"class_list":["post-462","page","type-page","status-publish","hentry"],"aioseo_notices":[],"_links":{"self":[{"href":"https:\/\/integral.software\/fr\/wp-json\/wp\/v2\/pages\/462","targetHints":{"allow":["GET"]}}],"collection":[{"href":"https:\/\/integral.software\/fr\/wp-json\/wp\/v2\/pages"}],"about":[{"href":"https:\/\/integral.software\/fr\/wp-json\/wp\/v2\/types\/page"}],"author":[{"embeddable":true,"href":"https:\/\/integral.software\/fr\/wp-json\/wp\/v2\/users\/4"}],"replies":[{"embeddable":true,"href":"https:\/\/integral.software\/fr\/wp-json\/wp\/v2\/comments?post=462"}],"version-history":[{"count":1,"href":"https:\/\/integral.software\/fr\/wp-json\/wp\/v2\/pages\/462\/revisions"}],"predecessor-version":[{"id":463,"href":"https:\/\/integral.software\/fr\/wp-json\/wp\/v2\/pages\/462\/revisions\/463"}],"wp:attachment":[{"href":"https:\/\/integral.software\/fr\/wp-json\/wp\/v2\/media?parent=462"}],"curies":[{"name":"wp","href":"https:\/\/api.w.org\/{rel}","templated":true}]}}