{"id":381,"date":"2020-01-15T19:17:04","date_gmt":"2020-01-15T18:17:04","guid":{"rendered":"https:\/\/www.integral.be\/?page_id=381"},"modified":"2020-01-15T19:17:04","modified_gmt":"2020-01-15T18:17:04","slug":"ecoles-stagiaires-asbl","status":"publish","type":"page","link":"https:\/\/integral.software\/fr\/ecoles-stagiaires-asbl\/","title":{"rendered":"\u00c9coles, stagiaires et ASBL"},"content":{"rendered":"<p><div class=\"fusion-fullwidth fullwidth-box fusion-builder-row-1 fusion-parallax-none nonhundred-percent-fullwidth non-hundred-percent-height-scrolling\"  style='background-color: rgba(255,255,255,0);background-image: url(\"https:\/\/www.integral.be\/wp-content\/uploads\/2020\/01\/ecoles-stagiaires-asbl-1.jpg\");background-position: center center;background-repeat: no-repeat;padding-top:0px;padding-right:0px;padding-bottom:0px;padding-left:0px;-webkit-background-size:cover;-moz-background-size:cover;-o-background-size:cover;background-size:cover;'><div class=\"fusion-builder-row fusion-row \"><div  class=\"fusion-layout-column fusion_builder_column fusion_builder_column_2_5 fusion-builder-column-1 fusion-two-fifth fusion-column-first 2_5\"  style='margin-top:0px;margin-bottom:20px;width:37.6%; margin-right: 4%;'>\n\t\t\t\t\t<div class=\"fusion-column-wrapper\" style=\"padding: 150px 0px 30px 0px;background-position:left top;background-repeat:no-repeat;-webkit-background-size:cover;-moz-background-size:cover;-o-background-size:cover;background-size:cover;\"   data-bg-url=\"\">\n\t\t\t\t\t\t<div class=\"fusion-text\"><h1 style=\"text-align: left;\"><span style=\"color: #ffffff;\">Ecoles, enseignants et \u00e9tudiants en comptabilit\u00e9<\/span><\/h1>\n<\/div><div class=\"fusion-clearfix\"><\/div>\n\n\t\t\t\t\t<\/div>\n\t\t\t\t<\/div><\/div><\/div><div class=\"fusion-fullwidth fullwidth-box fusion-builder-row-2 nonhundred-percent-fullwidth non-hundred-percent-height-scrolling\"  style='background-color: rgba(255,255,255,0);background-position: center center;background-repeat: no-repeat;padding-top:50px;padding-right:0px;padding-bottom:50px;padding-left:0px;'><div class=\"fusion-builder-row fusion-row \"><div  class=\"fusion-layout-column fusion_builder_column fusion_builder_column_1_1 fusion-builder-column-2 fusion-one-full fusion-column-first fusion-column-last 1_1\"  style='margin-top:0px;margin-bottom:20px;'>\n\t\t\t\t\t<div class=\"fusion-column-wrapper\" style=\"padding: 0px 15% 0px 15%;background-position:left top;background-repeat:no-repeat;-webkit-background-size:cover;-moz-background-size:cover;-o-background-size:cover;background-size:cover;\"   data-bg-url=\"\">\n\t\t\t\t\t\t<div class=\"fusion-text\"><p>La th\u00e9orie est une chose. La pratique en est une autre.<\/p>\n<p>Dans le cadre de la\u00a0<strong>formation pratique de vos \u00e9l\u00e8ves<\/strong>, vous devez utiliser un logiciel professionnel. A cet \u00e9gard, nous mettons \u00e0 votre disposition\u00a0<strong>gratuitement la solution Integral<\/strong>\u00a0afin de leur offrir une plateforme compl\u00e8te de gestion, couvrant l&rsquo;ensemble de vos domaines de comp\u00e9tences.<\/p>\n<p>En tant que centre de formation, vous b\u00e9n\u00e9ficiez d&rsquo;une licence d&rsquo;<strong>utilisation gratuite.<\/strong>\u00a0Cette licence multi-dossiers donnera la possibilit\u00e9 au corps enseignant de cr\u00e9er des ateliers pratiques pour ses \u00e9l\u00e8ves et de leur permettre d&rsquo;acc\u00e9der \u00e0 leur compte, \u00e0 l&rsquo;\u00e9cole ou \u00e0 domicile.<\/p>\n<h2>Stagiaires en comptabilit\u00e9<\/h2>\n<p>Les <strong>stagiaires IEC\/IPC<\/strong> peuvent b\u00e9n\u00e9ficier gratuitement de l&rsquo;usage de la version r\u00e9serv\u00e9e aux fiduciaires durant la dur\u00e9e de leur stage (sous certaines conditions, notamment limit\u00e9 \u00e0 18 mois \u00e0 partir de la date d&rsquo;inscription). Vous d\u00e9sirez plus d&rsquo;information \u00e0 ce sujet ? <a href=\"https:\/\/www.integral.be\/fr\/contact\">Contactez-nous<\/a><\/p>\n<h2>Je suis \u00e0 la t\u00eate ou je travaille dans une ASBL, je recherche un logiciel pour g\u00e9rer mon association en toute simplicit\u00e9<\/h2>\n<p>Les mesures impos\u00e9es par le gouvernement aupr\u00e8s des <strong>ASBL<\/strong> impliquent que votre activit\u00e9 soit g\u00e9r\u00e9e de fa\u00e7on optimale. Les exigeances en mati\u00e8re comptable et fiscale vous obligent \u00e0 bien structurer votre gestion. L&rsquo;usage d&rsquo;un outil professionnel et adapt\u00e9 est un gage de s\u00e9r\u00e9nit\u00e9 et de bonne gouvernance.<\/p>\n<p>La simplicit\u00e9 d&rsquo;utilisation et l&rsquo;ergonomie d&rsquo;Integral le propulse parmi les outils de gestion comptable et fiscale les plus appr\u00e9ci\u00e9s des <strong>ASBL<\/strong>. Quelle que soit la nature de votre activit\u00e9, les diff\u00e9rents modules propos\u00e9s d&rsquo;adapteront parfaitement \u00e0 vos exigences, ainsi que celles du l\u00e9gislateur.<\/p>\n<p>Pour en savoir plus au sujet des conditions d&rsquo;utilisation du logiciel pour votre <strong>ASBL<\/strong>, contactez-nous.<\/p>\n<\/div><div class=\"fusion-clearfix\"><\/div>\n\n\t\t\t\t\t<\/div>\n\t\t\t\t<\/div><div  class=\"fusion-layout-column fusion_builder_column fusion_builder_column_1_3 fusion-builder-column-3 fusion-one-third fusion-column-first 1_3\"  style='margin-top:0px;margin-bottom:20px;width:33.33%;width:calc(33.33% - ( ( 4% + 4% ) * 0.3333 ) );margin-right: 4%;'>\n\t\t\t\t\t<div class=\"fusion-column-wrapper\" style=\"padding: 0px 0px 0px 0px;background-position:left top;background-repeat:no-repeat;-webkit-background-size:cover;-moz-background-size:cover;-o-background-size:cover;background-size:cover;\"   data-bg-url=\"\">\n\t\t\t\t\t\t<div class=\"fusion-clearfix\"><\/div>\n\n\t\t\t\t\t<\/div>\n\t\t\t\t<\/div><div  class=\"fusion-layout-column fusion_builder_column fusion_builder_column_1_3 fusion-builder-column-4 fusion-one-third 1_3\"  style='margin-top:0px;margin-bottom:20px;width:33.33%;width:calc(33.33% - ( ( 4% + 4% ) * 0.3333 ) );margin-right: 4%;'>\n\t\t\t\t\t<div class=\"fusion-column-wrapper\" style=\"padding: 0px 0px 0px 0px;background-position:left top;background-repeat:no-repeat;-webkit-background-size:cover;-moz-background-size:cover;-o-background-size:cover;background-size:cover;\"   data-bg-url=\"\">\n\t\t\t\t\t\t<div class=\"fusion-button-wrapper fusion-aligncenter\"><style type=\"text\/css\">.fusion-button.button-1 .fusion-button-text, .fusion-button.button-1 i {color:#ffffff;}.fusion-button.button-1 .fusion-button-icon-divider{border-color:#ffffff;}.fusion-button.button-1:hover .fusion-button-text, .fusion-button.button-1:hover i,.fusion-button.button-1:focus .fusion-button-text, .fusion-button.button-1:focus i,.fusion-button.button-1:active .fusion-button-text, .fusion-button.button-1:active{color:#ff9800;}.fusion-button.button-1:hover .fusion-button-icon-divider, .fusion-button.button-1:hover .fusion-button-icon-divider, .fusion-button.button-1:active .fusion-button-icon-divider{border-color:#ff9800;}.fusion-button.button-1:hover, .fusion-button.button-1:focus, .fusion-button.button-1:active{border-color:#ff9800;border-width:2px;}.fusion-button.button-1 {border-color:#ff9800;border-width:2px;border-radius:2px;}.fusion-button.button-1{background: #ff9800;\n\t\t\t\t\t\t\tbackground-image: -webkit-gradient( linear, left bottom, left top, from( #ffc107 ), to( #ff9800 ) );\n\t\t\t\t\t\t\tbackground-image: -webkit-linear-gradient( bottom, #ffc107, #ff9800 );\n\t\t\t\t\t\t\tbackground-image:   -moz-linear-gradient( bottom, #ffc107, #ff9800 );\n\t\t\t\t\t\t\tbackground-image:     -o-linear-gradient( bottom, #ffc107, #ff9800 );\n\t\t\t\t\t\t\tbackground-image: linear-gradient( to top, #ffc107, #ff9800 );}.fusion-button.button-1:hover,.button-1:focus,.fusion-button.button-1:active{background: #ffffff;}<\/style><a class=\"fusion-button button-flat button-xlarge button-custom button-1 fusion-button-default-span \" target=\"_self\" href=\"..\/fr\/demo-erp\/\"><i class=\"fa-rocket fas button-icon-left\"><\/i><span class=\"fusion-button-text\">Demandez une D\u00e9mo<\/span><\/a><\/div><div class=\"fusion-clearfix\"><\/div>\n\n\t\t\t\t\t<\/div>\n\t\t\t\t<\/div><div  class=\"fusion-layout-column fusion_builder_column fusion_builder_column_1_3 fusion-builder-column-5 fusion-one-third fusion-column-last 1_3\"  style='margin-top:0px;margin-bottom:20px;width:33.33%;width:calc(33.33% - ( ( 4% + 4% ) * 0.3333 ) );'>\n\t\t\t\t\t<div class=\"fusion-column-wrapper\" style=\"padding: 0px 0px 0px 0px;background-position:left top;background-repeat:no-repeat;-webkit-background-size:cover;-moz-background-size:cover;-o-background-size:cover;background-size:cover;\"   data-bg-url=\"\">\n\t\t\t\t\t\t<div class=\"fusion-clearfix\"><\/div>\n\n\t\t\t\t\t<\/div>\n\t\t\t\t<\/div><\/div><\/div><\/p>\n","protected":false},"excerpt":{"rendered":"","protected":false},"author":4,"featured_media":0,"parent":0,"menu_order":0,"comment_status":"closed","ping_status":"closed","template":"100-width.php","meta":{"_monsterinsights_skip_tracking":false,"_monsterinsights_sitenote_active":false,"_monsterinsights_sitenote_note":"","_monsterinsights_sitenote_category":0,"footnotes":""},"class_list":["post-381","page","type-page","status-publish","hentry"],"aioseo_notices":[],"_links":{"self":[{"href":"https:\/\/integral.software\/fr\/wp-json\/wp\/v2\/pages\/381","targetHints":{"allow":["GET"]}}],"collection":[{"href":"https:\/\/integral.software\/fr\/wp-json\/wp\/v2\/pages"}],"about":[{"href":"https:\/\/integral.software\/fr\/wp-json\/wp\/v2\/types\/page"}],"author":[{"embeddable":true,"href":"https:\/\/integral.software\/fr\/wp-json\/wp\/v2\/users\/4"}],"replies":[{"embeddable":true,"href":"https:\/\/integral.software\/fr\/wp-json\/wp\/v2\/comments?post=381"}],"version-history":[{"count":1,"href":"https:\/\/integral.software\/fr\/wp-json\/wp\/v2\/pages\/381\/revisions"}],"predecessor-version":[{"id":384,"href":"https:\/\/integral.software\/fr\/wp-json\/wp\/v2\/pages\/381\/revisions\/384"}],"wp:attachment":[{"href":"https:\/\/integral.software\/fr\/wp-json\/wp\/v2\/media?parent=381"}],"curies":[{"name":"wp","href":"https:\/\/api.w.org\/{rel}","templated":true}]}}