{"id":376,"date":"2020-01-15T19:04:08","date_gmt":"2020-01-15T18:04:08","guid":{"rendered":"https:\/\/www.integral.be\/?page_id=376"},"modified":"2021-07-05T17:23:22","modified_gmt":"2021-07-05T15:23:22","slug":"commercant","status":"publish","type":"page","link":"https:\/\/integral.software\/fr\/commercant\/","title":{"rendered":"Commer\u00e7ant"},"content":{"rendered":"<p><div class=\"fusion-fullwidth fullwidth-box fusion-builder-row-1 fusion-parallax-none nonhundred-percent-fullwidth non-hundred-percent-height-scrolling\"  style='background-color: rgba(255,255,255,0);background-image: url(\"https:\/\/www.integral.be\/wp-content\/uploads\/2020\/01\/commercant-1.jpg\");background-position: center center;background-repeat: no-repeat;padding-top:0px;padding-right:0px;padding-bottom:0px;padding-left:0px;-webkit-background-size:cover;-moz-background-size:cover;-o-background-size:cover;background-size:cover;'><div class=\"fusion-builder-row fusion-row \"><div  class=\"fusion-layout-column fusion_builder_column fusion_builder_column_2_5 fusion-builder-column-1 fusion-two-fifth fusion-column-first 2_5\"  style='margin-top:0px;margin-bottom:20px;width:37.6%; margin-right: 4%;'>\n\t\t\t\t\t<div class=\"fusion-column-wrapper\" style=\"padding: 150px 0px 30px 0px;background-position:left top;background-repeat:no-repeat;-webkit-background-size:cover;-moz-background-size:cover;-o-background-size:cover;background-size:cover;\"   data-bg-url=\"\">\n\t\t\t\t\t\t<div class=\"fusion-text\"><h1 style=\"text-align: left;\"><span style=\"color: #ffffff;\">Logiciel d&rsquo;e-commerce et de gestion de stocks pour commer\u00e7ant<\/span><\/h1>\n<\/div><div class=\"fusion-clearfix\"><\/div>\n\n\t\t\t\t\t<\/div>\n\t\t\t\t<\/div><\/div><\/div><div class=\"fusion-fullwidth fullwidth-box fusion-builder-row-2 nonhundred-percent-fullwidth non-hundred-percent-height-scrolling\"  style='background-color: rgba(255,255,255,0);background-position: center center;background-repeat: no-repeat;padding-top:50px;padding-right:0px;padding-bottom:50px;padding-left:0px;'><div class=\"fusion-builder-row fusion-row \"><div  class=\"fusion-layout-column fusion_builder_column fusion_builder_column_1_1 fusion-builder-column-2 fusion-one-full fusion-column-first fusion-column-last 1_1\"  style='margin-top:0px;margin-bottom:20px;'>\n\t\t\t\t\t<div class=\"fusion-column-wrapper\" style=\"padding: 0px 15% 0px 15%;background-position:left top;background-repeat:no-repeat;-webkit-background-size:cover;-moz-background-size:cover;-o-background-size:cover;background-size:cover;\"   data-bg-url=\"\">\n\t\t\t\t\t\t<div class=\"fusion-text\"><h2>Je recherche un outil me permettant la cr\u00e9ation et gestion compl\u00e8te d&rsquo;une solution e-commerce en toute facilit\u00e9.<\/h2>\n<p>Vous avez pour projet d&rsquo;ouvrir un nouveau canal de vente sur le web, mais ne savez pas par o\u00f9 commencer ? Quelles sont les \u00e9tapes n\u00e9cessaires \u00e0 la mise en place d&rsquo;une <strong>boutique en ligne <\/strong>? Ce questionnements vous ont d\u00e9j\u00e0 travers\u00e9 l&rsquo;esprit ? Nous avons la solution pour vous.<\/p>\n<p>Les plateformes permettant la cr\u00e9ation d&rsquo;un <strong>commerce en ligne<\/strong> foisonnent et il est tr\u00e8s compliqu\u00e9 de s&rsquo;y retrouver. Cela n\u00e9cessite de l&rsquo;investissement en temps, en argent et il faut \u00e9galement poss\u00e9der des comp\u00e9tences dans les domaines tels que la logistique, le r\u00e9f\u00e9rencement ou encore la gestion client pour rendre votre <strong>e-shop <\/strong>efficace. A ce niveau, faire appel \u00e0 des sous-traitants ou multiplier les plateformes peut vite faire grimper le budget.<\/p>\n<h3><strong>Pourquoi le progiciel de gestion Integral est fait pour moi ?\u00a0<\/strong><\/h3>\n<p>Le but de la <strong>solution e-commerce<\/strong> mise en place par Integral est de permettre \u00e0 tous de cr\u00e9er et de g\u00e9rer un e-shop en toute facilit\u00e9 et rapidit\u00e9, pour un budget accessible. La solution Integral ne n\u00e9cessite aucun investissement de d\u00e9part et offre un \u00e9ventail complet de facilit\u00e9s : rapidit\u00e9 de mise en oeuvre, solution s\u00e9curis\u00e9e et int\u00e9gr\u00e9e au logiciel de gestion (fini le double encodage), r\u00e9f\u00e9rencement Google, et une performance \u00e0 la hauteur de votre activit\u00e9 !<\/p>\n<p>Tous les outils n\u00e9cessaires \u00e0 la bonne gestion de votre commerce sont regroup\u00e9s dans une seule suite !<\/p>\n<h3><strong>Quelle formule est la mieux adapt\u00e9e aux besoins de mon commerce ?\u00a0<\/strong><\/h3>\n<p>Si vous vous lancez dans la vente en ligne, nous vous conseillons une version <strong>Personal<\/strong> d&rsquo;Integral, dot\u00e9e du <strong>module e-Business<\/strong>. Cette formule vous donne acc\u00e8s \u00e0 un outil performant et int\u00e9gr\u00e9, qui vous permet de garder le contr\u00f4le sur votre e-shop et en facilite la gestion journali\u00e8re. Elle int\u00e8gre la gestion des achats, des ventes, des stocks, l&rsquo;e-shop et le logiciel comptable. Vous g\u00e9rez votre business de A \u00e0 Z. Si vous voulez aller plsu loin, des <a href=\"https:\/\/www.integral.be\/fr\/nos-options\">options<\/a> sont disponibles en fonction du degr\u00e9 d&rsquo;int\u00e9gration que vous souhaitez atteindre.<\/p>\n<p><em>La version Personal + le module e-Business est d\u00e9j\u00e0 accessible \u00e0 partir de 100\u20ac\/mois htva (h\u00e9bergement compris).\u00a0<\/em><\/p>\n<\/div><div class=\"fusion-clearfix\"><\/div>\n\n\t\t\t\t\t<\/div>\n\t\t\t\t<\/div><div  class=\"fusion-layout-column fusion_builder_column fusion_builder_column_1_3 fusion-builder-column-3 fusion-one-third fusion-column-first 1_3\"  style='margin-top:0px;margin-bottom:20px;width:33.33%;width:calc(33.33% - ( ( 4% + 4% ) * 0.3333 ) );margin-right: 4%;'>\n\t\t\t\t\t<div class=\"fusion-column-wrapper\" style=\"padding: 0px 0px 0px 0px;background-position:left top;background-repeat:no-repeat;-webkit-background-size:cover;-moz-background-size:cover;-o-background-size:cover;background-size:cover;\"   data-bg-url=\"\">\n\t\t\t\t\t\t<div class=\"fusion-clearfix\"><\/div>\n\n\t\t\t\t\t<\/div>\n\t\t\t\t<\/div><div  class=\"fusion-layout-column fusion_builder_column fusion_builder_column_1_3 fusion-builder-column-4 fusion-one-third 1_3\"  style='margin-top:0px;margin-bottom:20px;width:33.33%;width:calc(33.33% - ( ( 4% + 4% ) * 0.3333 ) );margin-right: 4%;'>\n\t\t\t\t\t<div class=\"fusion-column-wrapper\" style=\"padding: 0px 0px 0px 0px;background-position:left top;background-repeat:no-repeat;-webkit-background-size:cover;-moz-background-size:cover;-o-background-size:cover;background-size:cover;\"   data-bg-url=\"\">\n\t\t\t\t\t\t<div class=\"fusion-button-wrapper fusion-aligncenter\"><style type=\"text\/css\">.fusion-button.button-1 .fusion-button-text, .fusion-button.button-1 i {color:#ffffff;}.fusion-button.button-1 .fusion-button-icon-divider{border-color:#ffffff;}.fusion-button.button-1:hover .fusion-button-text, .fusion-button.button-1:hover i,.fusion-button.button-1:focus .fusion-button-text, .fusion-button.button-1:focus i,.fusion-button.button-1:active .fusion-button-text, .fusion-button.button-1:active{color:#ff9800;}.fusion-button.button-1:hover .fusion-button-icon-divider, .fusion-button.button-1:hover .fusion-button-icon-divider, .fusion-button.button-1:active .fusion-button-icon-divider{border-color:#ff9800;}.fusion-button.button-1:hover, .fusion-button.button-1:focus, .fusion-button.button-1:active{border-color:#ff9800;border-width:2px;}.fusion-button.button-1 {border-color:#ff9800;border-width:2px;border-radius:2px;}.fusion-button.button-1{background: #ff9800;\n\t\t\t\t\t\t\tbackground-image: -webkit-gradient( linear, left bottom, left top, from( #ffc107 ), to( #ff9800 ) );\n\t\t\t\t\t\t\tbackground-image: -webkit-linear-gradient( bottom, #ffc107, #ff9800 );\n\t\t\t\t\t\t\tbackground-image:   -moz-linear-gradient( bottom, #ffc107, #ff9800 );\n\t\t\t\t\t\t\tbackground-image:     -o-linear-gradient( bottom, #ffc107, #ff9800 );\n\t\t\t\t\t\t\tbackground-image: linear-gradient( to top, #ffc107, #ff9800 );}.fusion-button.button-1:hover,.button-1:focus,.fusion-button.button-1:active{background: #ffffff;}<\/style><a class=\"fusion-button button-flat button-xlarge button-custom button-1 fusion-button-default-span \" target=\"_self\" href=\"..\/fr\/demo-erp\/\"><i class=\"fa-rocket fas button-icon-left\"><\/i><span class=\"fusion-button-text\">Demandez une D\u00e9mo<\/span><\/a><\/div><div class=\"fusion-clearfix\"><\/div>\n\n\t\t\t\t\t<\/div>\n\t\t\t\t<\/div><div  class=\"fusion-layout-column fusion_builder_column fusion_builder_column_1_3 fusion-builder-column-5 fusion-one-third fusion-column-last 1_3\"  style='margin-top:0px;margin-bottom:20px;width:33.33%;width:calc(33.33% - ( ( 4% + 4% ) * 0.3333 ) );'>\n\t\t\t\t\t<div class=\"fusion-column-wrapper\" style=\"padding: 0px 0px 0px 0px;background-position:left top;background-repeat:no-repeat;-webkit-background-size:cover;-moz-background-size:cover;-o-background-size:cover;background-size:cover;\"   data-bg-url=\"\">\n\t\t\t\t\t\t<div class=\"fusion-clearfix\"><\/div>\n\n\t\t\t\t\t<\/div>\n\t\t\t\t<\/div><\/div><\/div><\/p>\n","protected":false},"excerpt":{"rendered":"","protected":false},"author":4,"featured_media":0,"parent":0,"menu_order":0,"comment_status":"closed","ping_status":"closed","template":"100-width.php","meta":{"_monsterinsights_skip_tracking":false,"_monsterinsights_sitenote_active":false,"_monsterinsights_sitenote_note":"","_monsterinsights_sitenote_category":0,"footnotes":""},"class_list":["post-376","page","type-page","status-publish","hentry"],"aioseo_notices":[],"_links":{"self":[{"href":"https:\/\/integral.software\/fr\/wp-json\/wp\/v2\/pages\/376","targetHints":{"allow":["GET"]}}],"collection":[{"href":"https:\/\/integral.software\/fr\/wp-json\/wp\/v2\/pages"}],"about":[{"href":"https:\/\/integral.software\/fr\/wp-json\/wp\/v2\/types\/page"}],"author":[{"embeddable":true,"href":"https:\/\/integral.software\/fr\/wp-json\/wp\/v2\/users\/4"}],"replies":[{"embeddable":true,"href":"https:\/\/integral.software\/fr\/wp-json\/wp\/v2\/comments?post=376"}],"version-history":[{"count":3,"href":"https:\/\/integral.software\/fr\/wp-json\/wp\/v2\/pages\/376\/revisions"}],"predecessor-version":[{"id":943,"href":"https:\/\/integral.software\/fr\/wp-json\/wp\/v2\/pages\/376\/revisions\/943"}],"wp:attachment":[{"href":"https:\/\/integral.software\/fr\/wp-json\/wp\/v2\/media?parent=376"}],"curies":[{"name":"wp","href":"https:\/\/api.w.org\/{rel}","templated":true}]}}