{"id":371,"date":"2020-01-15T19:01:54","date_gmt":"2020-01-15T18:01:54","guid":{"rendered":"https:\/\/www.integral.be\/?page_id=371"},"modified":"2021-07-06T16:30:48","modified_gmt":"2021-07-06T14:30:48","slug":"expert-comptable","status":"publish","type":"page","link":"https:\/\/integral.software\/fr\/expert-comptable\/","title":{"rendered":"Expert Comptable"},"content":{"rendered":"<p><div class=\"fusion-fullwidth fullwidth-box fusion-builder-row-1 fusion-parallax-none nonhundred-percent-fullwidth non-hundred-percent-height-scrolling\"  style='background-color: rgba(255,255,255,0);background-image: url(\"https:\/\/www.integral.be\/wp-content\/uploads\/2020\/01\/fiduciaires-1.jpg\");background-position: center center;background-repeat: no-repeat;padding-top:0px;padding-right:0px;padding-bottom:0px;padding-left:0px;-webkit-background-size:cover;-moz-background-size:cover;-o-background-size:cover;background-size:cover;'><div class=\"fusion-builder-row fusion-row \"><div  class=\"fusion-layout-column fusion_builder_column fusion_builder_column_2_5 fusion-builder-column-1 fusion-two-fifth fusion-column-first 2_5\"  style='margin-top:0px;margin-bottom:20px;width:37.6%; margin-right: 4%;'>\n\t\t\t\t\t<div class=\"fusion-column-wrapper\" style=\"padding: 150px 0px 30px 0px;background-position:left top;background-repeat:no-repeat;-webkit-background-size:cover;-moz-background-size:cover;-o-background-size:cover;background-size:cover;\"   data-bg-url=\"\">\n\t\t\t\t\t\t<div class=\"fusion-text\"><h1 style=\"text-align: left;\"><span style=\"color: #ffffff;\">Logiciel pour fiduciaire ou expert-comptable<\/span><\/h1>\n<\/div><div class=\"fusion-clearfix\"><\/div>\n\n\t\t\t\t\t<\/div>\n\t\t\t\t<\/div><\/div><\/div><div class=\"fusion-fullwidth fullwidth-box fusion-builder-row-2 nonhundred-percent-fullwidth non-hundred-percent-height-scrolling\"  style='background-color: rgba(255,255,255,0);background-position: center center;background-repeat: no-repeat;padding-top:50px;padding-right:0px;padding-bottom:50px;padding-left:0px;'><div class=\"fusion-builder-row fusion-row \"><div  class=\"fusion-layout-column fusion_builder_column fusion_builder_column_1_1 fusion-builder-column-2 fusion-one-full fusion-column-first fusion-column-last 1_1\"  style='margin-top:0px;margin-bottom:20px;'>\n\t\t\t\t\t<div class=\"fusion-column-wrapper\" style=\"padding: 0px 15% 0px 15%;background-position:left top;background-repeat:no-repeat;-webkit-background-size:cover;-moz-background-size:cover;-o-background-size:cover;background-size:cover;\"   data-bg-url=\"\">\n\t\t\t\t\t\t<div class=\"fusion-text\"><h2>Je recherche un v\u00e9ritable logiciel de comptabilit\u00e9 pour m&rsquo;assister dans la gestion des obligations comptables et administratives de mes clients. Mon r\u00f4le est de les conseiller et les aider.<\/h2>\n<p>En tant que <strong>comptable<\/strong> ou <strong>expert-comptable<\/strong>, vous avez besoin d\u2019une solution souple et compl\u00e8te pour exercer votre m\u00e9tier, tout en renfor\u00e7ant la relation avec votre client\u00e8le. Votre but est d&rsquo;optimiser vos services et le logiciel doit vous y aider. Pour cela, avoir \u00e0 votre disposition un outil facile, ouvert et vous offrant toutes les fonctionnalit\u00e9s n\u00e9cessaires pour effectuer vos op\u00e9rations et dresser les situations de vos clients rapidement et sans contraintes est indispensable.<\/p>\n<h3><strong>Pourquoi le\u00a0progiciel de gestion Integral est fait pour ma fiduciaire ?<\/strong><\/h3>\n<p>De nombreux experts et professionnels comptables recommandent et utilisent d\u00e9j\u00e0 notre solution. Gr\u00e2ce \u00e0 ses nombreuses fonctionnalit\u00e9s et sa facilit\u00e9 d&rsquo;utilisation, le progiciel Integral s&rsquo;impose au sein des fiduciaires, conscientes de la valeur-ajout\u00e9e apport\u00e9e \u00e0 leur m\u00e9tier. <strong>L&rsquo;acc\u00e8s mandat\u00e9<\/strong>, sp\u00e9cialement d\u00e9velopp\u00e9 pour les professionnels du chiffre comme vous, vous permet d&rsquo;acc\u00e9der en toute s\u00e9curit\u00e9 aux dossiers h\u00e9berg\u00e9s de vos clients, rendant vos services encore plus efficaces, et contribuant grandement au succ\u00e8s d&rsquo;Integral.<\/p>\n<div>\n<h3><strong>Quelle formule est la mieux adapt\u00e9e \u00e0 mes besoins en tant que comptable ?<\/strong><\/h3>\n<div>Nous vous conseillons la version TIP Integral <strong>Advanced.<\/strong>\u00a0Vous disposerez, au sein des 4 modules de base (<u><a href=\"https:\/\/www.integral.be\/fr\/achats\">Achats<\/a><\/u>, <u><a href=\"https:\/\/www.integral.be\/fr\/ventes\">Ventes<\/a><\/u>, <a href=\"https:\/\/www.integral.be\/fr\/stocks\"><u>Stock<\/u>s<\/a> et <u><a href=\"https:\/\/www.integral.be\/fr\/comptabilite\">Comptabilit\u00e9<\/a><\/u>),\u00a0 d&rsquo;un large \u00e9ventail de fonctionnalit\u00e9s n\u00e9cessaires \u00e0 votre activit\u00e9 comme la comptabilit\u00e9 budg\u00e9taire, la gestion des immobilis\u00e9s et amortissements, les liaisons bancaires ISABEL\/Codabox, les bilans comptables, l&rsquo;importation de donn\u00e9es via XML, la concordance TVA&#8230;<\/div>\n<div><\/div>\n<div>Nous recommandons \u00e9galement l&rsquo;ajout de l&rsquo;option\u00a0<u><a href=\"https:\/\/www.integral.be\/fr\/edocuments-pro\">eDocuments Pro<\/a><\/u>, qui vous permettra l&rsquo;acc\u00e8s aux services suivants : Collecteur Codabox (100% automatique), Solution de scan multi-documents, Classement des documents par type de par dossier, Impression d&rsquo;\u00e9tiquettes avec code QR, Collecteur PDF par mail avec gestion des alias pour vos clients.<\/div>\n<\/div>\n<p><em>Les stagiaires\u00a0 IEC\/IPC peuvent b\u00e9n\u00e9ficier gratuitement de l\u2019usage de cette version durant la dur\u00e9e de leur stage (limit\u00e9 \u00e0 18 mois \u00e0 partir de la date d\u2019inscription). <\/em><\/p>\n<\/div><div class=\"fusion-clearfix\"><\/div>\n\n\t\t\t\t\t<\/div>\n\t\t\t\t<\/div><div  class=\"fusion-layout-column fusion_builder_column fusion_builder_column_1_3 fusion-builder-column-3 fusion-one-third fusion-column-first 1_3\"  style='margin-top:0px;margin-bottom:20px;width:33.33%;width:calc(33.33% - ( ( 4% + 4% ) * 0.3333 ) );margin-right: 4%;'>\n\t\t\t\t\t<div class=\"fusion-column-wrapper\" style=\"padding: 0px 0px 0px 0px;background-position:left top;background-repeat:no-repeat;-webkit-background-size:cover;-moz-background-size:cover;-o-background-size:cover;background-size:cover;\"   data-bg-url=\"\">\n\t\t\t\t\t\t<div class=\"fusion-clearfix\"><\/div>\n\n\t\t\t\t\t<\/div>\n\t\t\t\t<\/div><div  class=\"fusion-layout-column fusion_builder_column fusion_builder_column_1_3 fusion-builder-column-4 fusion-one-third 1_3\"  style='margin-top:0px;margin-bottom:20px;width:33.33%;width:calc(33.33% - ( ( 4% + 4% ) * 0.3333 ) );margin-right: 4%;'>\n\t\t\t\t\t<div class=\"fusion-column-wrapper\" style=\"padding: 0px 0px 0px 0px;background-position:left top;background-repeat:no-repeat;-webkit-background-size:cover;-moz-background-size:cover;-o-background-size:cover;background-size:cover;\"   data-bg-url=\"\">\n\t\t\t\t\t\t<div class=\"fusion-button-wrapper fusion-aligncenter\"><style type=\"text\/css\">.fusion-button.button-1 .fusion-button-text, .fusion-button.button-1 i {color:#ffffff;}.fusion-button.button-1 .fusion-button-icon-divider{border-color:#ffffff;}.fusion-button.button-1:hover .fusion-button-text, .fusion-button.button-1:hover i,.fusion-button.button-1:focus .fusion-button-text, .fusion-button.button-1:focus i,.fusion-button.button-1:active .fusion-button-text, .fusion-button.button-1:active{color:#ff9800;}.fusion-button.button-1:hover .fusion-button-icon-divider, .fusion-button.button-1:hover .fusion-button-icon-divider, .fusion-button.button-1:active .fusion-button-icon-divider{border-color:#ff9800;}.fusion-button.button-1:hover, .fusion-button.button-1:focus, .fusion-button.button-1:active{border-color:#ff9800;border-width:2px;}.fusion-button.button-1 {border-color:#ff9800;border-width:2px;border-radius:2px;}.fusion-button.button-1{background: #ff9800;\n\t\t\t\t\t\t\tbackground-image: -webkit-gradient( linear, left bottom, left top, from( #ffc107 ), to( #ff9800 ) );\n\t\t\t\t\t\t\tbackground-image: -webkit-linear-gradient( bottom, #ffc107, #ff9800 );\n\t\t\t\t\t\t\tbackground-image:   -moz-linear-gradient( bottom, #ffc107, #ff9800 );\n\t\t\t\t\t\t\tbackground-image:     -o-linear-gradient( bottom, #ffc107, #ff9800 );\n\t\t\t\t\t\t\tbackground-image: linear-gradient( to top, #ffc107, #ff9800 );}.fusion-button.button-1:hover,.button-1:focus,.fusion-button.button-1:active{background: #ffffff;}<\/style><a class=\"fusion-button button-flat button-xlarge button-custom button-1 fusion-button-default-span \" target=\"_self\" href=\"..\/fr\/demo-erp\/\"><i class=\"fa-rocket fas button-icon-left\"><\/i><span class=\"fusion-button-text\">Demandez une D\u00e9mo<\/span><\/a><\/div><div class=\"fusion-clearfix\"><\/div>\n\n\t\t\t\t\t<\/div>\n\t\t\t\t<\/div><div  class=\"fusion-layout-column fusion_builder_column fusion_builder_column_1_3 fusion-builder-column-5 fusion-one-third fusion-column-last 1_3\"  style='margin-top:0px;margin-bottom:20px;width:33.33%;width:calc(33.33% - ( ( 4% + 4% ) * 0.3333 ) );'>\n\t\t\t\t\t<div class=\"fusion-column-wrapper\" style=\"padding: 0px 0px 0px 0px;background-position:left top;background-repeat:no-repeat;-webkit-background-size:cover;-moz-background-size:cover;-o-background-size:cover;background-size:cover;\"   data-bg-url=\"\">\n\t\t\t\t\t\t<div class=\"fusion-clearfix\"><\/div>\n\n\t\t\t\t\t<\/div>\n\t\t\t\t<\/div><\/div><\/div><\/p>\n","protected":false},"excerpt":{"rendered":"","protected":false},"author":4,"featured_media":0,"parent":0,"menu_order":0,"comment_status":"closed","ping_status":"closed","template":"100-width.php","meta":{"_monsterinsights_skip_tracking":false,"_monsterinsights_sitenote_active":false,"_monsterinsights_sitenote_note":"","_monsterinsights_sitenote_category":0,"footnotes":""},"class_list":["post-371","page","type-page","status-publish","hentry"],"aioseo_notices":[],"_links":{"self":[{"href":"https:\/\/integral.software\/fr\/wp-json\/wp\/v2\/pages\/371","targetHints":{"allow":["GET"]}}],"collection":[{"href":"https:\/\/integral.software\/fr\/wp-json\/wp\/v2\/pages"}],"about":[{"href":"https:\/\/integral.software\/fr\/wp-json\/wp\/v2\/types\/page"}],"author":[{"embeddable":true,"href":"https:\/\/integral.software\/fr\/wp-json\/wp\/v2\/users\/4"}],"replies":[{"embeddable":true,"href":"https:\/\/integral.software\/fr\/wp-json\/wp\/v2\/comments?post=371"}],"version-history":[{"count":5,"href":"https:\/\/integral.software\/fr\/wp-json\/wp\/v2\/pages\/371\/revisions"}],"predecessor-version":[{"id":958,"href":"https:\/\/integral.software\/fr\/wp-json\/wp\/v2\/pages\/371\/revisions\/958"}],"wp:attachment":[{"href":"https:\/\/integral.software\/fr\/wp-json\/wp\/v2\/media?parent=371"}],"curies":[{"name":"wp","href":"https:\/\/api.w.org\/{rel}","templated":true}]}}