{"id":366,"date":"2020-01-15T18:59:14","date_gmt":"2020-01-15T17:59:14","guid":{"rendered":"https:\/\/www.integral.be\/?page_id=366"},"modified":"2021-07-06T16:28:35","modified_gmt":"2021-07-06T14:28:35","slug":"pme","status":"publish","type":"page","link":"https:\/\/integral.software\/fr\/pme\/","title":{"rendered":"PME"},"content":{"rendered":"<p><div class=\"fusion-fullwidth fullwidth-box fusion-builder-row-1 fusion-parallax-none nonhundred-percent-fullwidth non-hundred-percent-height-scrolling\"  style='background-color: rgba(255,255,255,0);background-image: url(\"https:\/\/www.integral.be\/wp-content\/uploads\/2020\/01\/pme-1.jpg\");background-position: center center;background-repeat: no-repeat;padding-top:0px;padding-right:0px;padding-bottom:0px;padding-left:0px;-webkit-background-size:cover;-moz-background-size:cover;-o-background-size:cover;background-size:cover;'><div class=\"fusion-builder-row fusion-row \"><div  class=\"fusion-layout-column fusion_builder_column fusion_builder_column_2_5 fusion-builder-column-1 fusion-two-fifth fusion-column-first 2_5\"  style='margin-top:0px;margin-bottom:20px;width:37.6%; margin-right: 4%;'>\n\t\t\t\t\t<div class=\"fusion-column-wrapper\" style=\"padding: 150px 0px 30px 0px;background-position:left top;background-repeat:no-repeat;-webkit-background-size:cover;-moz-background-size:cover;-o-background-size:cover;background-size:cover;\"   data-bg-url=\"\">\n\t\t\t\t\t\t<div class=\"fusion-text\"><h1 style=\"text-align: left;\"><span style=\"color: #ffffff;\">ERP pour Dirigeant d&rsquo;une PME avec de grandes ambitions<\/span><\/h1>\n<\/div><div class=\"fusion-clearfix\"><\/div>\n\n\t\t\t\t\t<\/div>\n\t\t\t\t<\/div><\/div><\/div><div class=\"fusion-fullwidth fullwidth-box fusion-builder-row-2 nonhundred-percent-fullwidth non-hundred-percent-height-scrolling\"  style='background-color: rgba(255,255,255,0);background-position: center center;background-repeat: no-repeat;padding-top:50px;padding-right:0px;padding-bottom:50px;padding-left:0px;'><div class=\"fusion-builder-row fusion-row \"><div  class=\"fusion-layout-column fusion_builder_column fusion_builder_column_1_1 fusion-builder-column-2 fusion-one-full fusion-column-first fusion-column-last 1_1\"  style='margin-top:0px;margin-bottom:20px;'>\n\t\t\t\t\t<div class=\"fusion-column-wrapper\" style=\"padding: 0px 15% 0px 15%;background-position:left top;background-repeat:no-repeat;-webkit-background-size:cover;-moz-background-size:cover;-o-background-size:cover;background-size:cover;\"   data-bg-url=\"\">\n\t\t\t\t\t\t<div class=\"fusion-text\"><h2>Un logiciel de gestion qui me permet de placer chacun de mes collaborateurs dans ses fonctions, de mani\u00e8re s\u00e9curis\u00e9e et contr\u00f4l\u00e9e afin d&rsquo;atteindre les objectifs de ma PME.<\/h2>\n<p>En tant que dirigeant de <strong>PME<\/strong>, vous connaissez les points forts de votre entreprise et vos ressources : vous disposez d&rsquo;un capital, de temps et d&rsquo;\u00e9quipes. Le challenge est d&rsquo;associer ces diff\u00e9rents \u00e9l\u00e9ments afin d&rsquo;atteindre les buts que vous avez fix\u00e9s pour votre soci\u00e9t\u00e9.<\/p>\n<p>Pour cela, il vous faudra \u00eatre rigoureux dans la gestion de votre entreprise, faire preuve de polyvalence et d&rsquo;adaptabilit\u00e9 afin de communiquer au mieux la strat\u00e9gie de d\u00e9veloppement \u00e0 vos collaborateurs. Vous avez besoin de pouvoir d\u00e9l\u00e9guer les t\u00e2ches au sein de vos \u00e9quipes tout en gardant le contr\u00f4le sur l&rsquo;expansion de votre activit\u00e9.<\/p>\n<h3><strong>Pourquoi le\u00a0progiciel de gestion Integral est fait pour ma PME ?<\/strong><\/h3>\n<p>Le<strong> logiciel de gestion<\/strong> Integral peut tout \u00e0 fait s&rsquo;adapter aux besoins de votre <strong>PME<\/strong>. Vous disposez d&rsquo;un outil complet et performant qui permet \u00e0 diff\u00e9rents utilisateurs simultan\u00e9s de se connecter \u00e0 la m\u00eame base de donn\u00e9es, centralis\u00e9e et compl\u00e8tement int\u00e9gr\u00e9e. Ces utilisateurs multiples peuvent \u00eatre d\u00e9finis avec des droits limit\u00e9s ou non en fonction du r\u00f4le de chacun.<\/p>\n<p>Le communication, qu&rsquo;elle soit entre vos collaborateurs ou envers votre client\u00e8le, est facilit\u00e9e par un module sp\u00e9cialement d\u00e9di\u00e9 : <a href=\"https:\/\/www.integral.be\/fr\/relations\">Relations<\/a>.\u00a0Vous gagnerez en temps et en efficacit\u00e9.<\/p>\n<p>Vous gardez le contr\u00f4le \u00e0 tout moment et vous avez un regard sur l&rsquo;ensemble de vos donn\u00e9es o\u00f9 que vous soyez, et ce, en toute s\u00e9curit\u00e9, gr\u00e2ce \u00e0 la formule h\u00e9berg\u00e9e d&rsquo;Integral.<\/p>\n<p>Le logiciel peut g\u00e9n\u00e9rer des rapports en tout genre, pour r\u00e9pondre \u00e0 vos besoins de contr\u00f4les r\u00e9guliers des r\u00e9sultats de votre <strong>entreprise<\/strong>.<\/p>\n<h3><strong>Quelle formule est la mieux adapt\u00e9e aux besoins de ma PME ?<\/strong><\/h3>\n<p>La version <strong>Advanced<\/strong> d&rsquo;Integral est celle qui a les fonctionnalit\u00e9s les plus \u00e9tendues. Vous disposez des 4 modules de base (<a href=\"https:\/\/www.integral.be\/fr\/ventes\">Ventes<\/a> &#8211; <a href=\"https:\/\/www.integral.be\/fr\/achats\">Achats<\/a> &#8211; <a href=\"https:\/\/www.integral.be\/fr\/stocks\">Stocks<\/a> &#8211; <a href=\"https:\/\/www.integral.be\/fr\/comptabilite\">Comptabilit\u00e9<\/a>) avec les fonctionnalit\u00e9s les plus approfondies. En fonction du degr\u00e9 d&rsquo;int\u00e9gration que vous voulez atteindre dans votre entreprise, d&rsquo;autres modules sont disponibles pour pousser la gestion de votre activit\u00e9 un cran plus loin.<\/p>\n<p><em>Prix de l&rsquo;\u00e9dition Advanced : 135\u20ac\/mois htva (h\u00e9bergement compris) <\/em><\/p>\n<\/div><div class=\"fusion-clearfix\"><\/div>\n\n\t\t\t\t\t<\/div>\n\t\t\t\t<\/div><div  class=\"fusion-layout-column fusion_builder_column fusion_builder_column_1_3 fusion-builder-column-3 fusion-one-third fusion-column-first 1_3\"  style='margin-top:0px;margin-bottom:20px;width:33.33%;width:calc(33.33% - ( ( 4% + 4% ) * 0.3333 ) );margin-right: 4%;'>\n\t\t\t\t\t<div class=\"fusion-column-wrapper\" style=\"padding: 0px 0px 0px 0px;background-position:left top;background-repeat:no-repeat;-webkit-background-size:cover;-moz-background-size:cover;-o-background-size:cover;background-size:cover;\"   data-bg-url=\"\">\n\t\t\t\t\t\t<div class=\"fusion-clearfix\"><\/div>\n\n\t\t\t\t\t<\/div>\n\t\t\t\t<\/div><div  class=\"fusion-layout-column fusion_builder_column fusion_builder_column_1_3 fusion-builder-column-4 fusion-one-third 1_3\"  style='margin-top:0px;margin-bottom:20px;width:33.33%;width:calc(33.33% - ( ( 4% + 4% ) * 0.3333 ) );margin-right: 4%;'>\n\t\t\t\t\t<div class=\"fusion-column-wrapper\" style=\"padding: 0px 0px 0px 0px;background-position:left top;background-repeat:no-repeat;-webkit-background-size:cover;-moz-background-size:cover;-o-background-size:cover;background-size:cover;\"   data-bg-url=\"\">\n\t\t\t\t\t\t<div class=\"fusion-button-wrapper fusion-aligncenter\"><style type=\"text\/css\">.fusion-button.button-1 .fusion-button-text, .fusion-button.button-1 i {color:#ffffff;}.fusion-button.button-1 .fusion-button-icon-divider{border-color:#ffffff;}.fusion-button.button-1:hover .fusion-button-text, .fusion-button.button-1:hover i,.fusion-button.button-1:focus .fusion-button-text, .fusion-button.button-1:focus i,.fusion-button.button-1:active .fusion-button-text, .fusion-button.button-1:active{color:#ff9800;}.fusion-button.button-1:hover .fusion-button-icon-divider, .fusion-button.button-1:hover .fusion-button-icon-divider, .fusion-button.button-1:active .fusion-button-icon-divider{border-color:#ff9800;}.fusion-button.button-1:hover, .fusion-button.button-1:focus, .fusion-button.button-1:active{border-color:#ff9800;border-width:2px;}.fusion-button.button-1 {border-color:#ff9800;border-width:2px;border-radius:2px;}.fusion-button.button-1{background: #ff9800;\n\t\t\t\t\t\t\tbackground-image: -webkit-gradient( linear, left bottom, left top, from( #ffc107 ), to( #ff9800 ) );\n\t\t\t\t\t\t\tbackground-image: -webkit-linear-gradient( bottom, #ffc107, #ff9800 );\n\t\t\t\t\t\t\tbackground-image:   -moz-linear-gradient( bottom, #ffc107, #ff9800 );\n\t\t\t\t\t\t\tbackground-image:     -o-linear-gradient( bottom, #ffc107, #ff9800 );\n\t\t\t\t\t\t\tbackground-image: linear-gradient( to top, #ffc107, #ff9800 );}.fusion-button.button-1:hover,.button-1:focus,.fusion-button.button-1:active{background: #ffffff;}<\/style><a class=\"fusion-button button-flat button-xlarge button-custom button-1 fusion-button-default-span \" target=\"_self\" href=\"..\/fr\/demo-erp\/\"><i class=\"fa-rocket fas button-icon-left\"><\/i><span class=\"fusion-button-text\">Demandez une D\u00e9mo<\/span><\/a><\/div><div class=\"fusion-clearfix\"><\/div>\n\n\t\t\t\t\t<\/div>\n\t\t\t\t<\/div><div  class=\"fusion-layout-column fusion_builder_column fusion_builder_column_1_3 fusion-builder-column-5 fusion-one-third fusion-column-last 1_3\"  style='margin-top:0px;margin-bottom:20px;width:33.33%;width:calc(33.33% - ( ( 4% + 4% ) * 0.3333 ) );'>\n\t\t\t\t\t<div class=\"fusion-column-wrapper\" style=\"padding: 0px 0px 0px 0px;background-position:left top;background-repeat:no-repeat;-webkit-background-size:cover;-moz-background-size:cover;-o-background-size:cover;background-size:cover;\"   data-bg-url=\"\">\n\t\t\t\t\t\t<div class=\"fusion-clearfix\"><\/div>\n\n\t\t\t\t\t<\/div>\n\t\t\t\t<\/div><\/div><\/div><div class=\"fusion-fullwidth fullwidth-box fusion-builder-row-3 nonhundred-percent-fullwidth non-hundred-percent-height-scrolling\"  style='background-color: #607d8b;background-position: center center;background-repeat: no-repeat;padding-top:80px;padding-right:0px;padding-bottom:80px;padding-left:0px;'><div class=\"fusion-builder-row fusion-row \"><div  class=\"fusion-layout-column fusion_builder_column fusion_builder_column_1_1 fusion-builder-column-6 fusion-one-full fusion-column-first fusion-column-last 1_1\"  style='margin-top:0px;margin-bottom:20px;'>\n\t\t\t\t\t<div class=\"fusion-column-wrapper\" style=\"padding: 0px 0px 0px 0px;background-position:left top;background-repeat:no-repeat;-webkit-background-size:cover;-moz-background-size:cover;-o-background-size:cover;background-size:cover;\"   data-bg-url=\"\">\n\t\t\t\t\t\t<div class=\"fusion-content-boxes content-boxes columns row fusion-columns-3 fusion-columns-total-2 fusion-content-boxes-1 content-boxes-icon-on-top content-left\" data-animationOffset=\"100%\" style=\"margin-top:0px;margin-bottom:60px;\"><style type=\"text\/css\">.fusion-content-boxes-1 .heading .content-box-heading {color:#ffffff;}\n\t\t\t\t\t.fusion-content-boxes-1 .fusion-content-box-hover .link-area-link-icon-hover .heading .content-box-heading,\n\t\t\t\t\t.fusion-content-boxes-1 .fusion-content-box-hover .link-area-link-icon-hover .heading .heading-link .content-box-heading,\n\t\t\t\t\t.fusion-content-boxes-1 .fusion-content-box-hover .link-area-box-hover .heading .content-box-heading,\n\t\t\t\t\t.fusion-content-boxes-1 .fusion-content-box-hover .link-area-box-hover .heading .heading-link .content-box-heading,\n\t\t\t\t\t.fusion-content-boxes-1 .fusion-content-box-hover .link-area-link-icon-hover.link-area-box .fusion-read-more,\n\t\t\t\t\t.fusion-content-boxes-1 .fusion-content-box-hover .link-area-link-icon-hover.link-area-box .fusion-read-more::after,\n\t\t\t\t\t.fusion-content-boxes-1 .fusion-content-box-hover .link-area-link-icon-hover.link-area-box .fusion-read-more::before,\n\t\t\t\t\t.fusion-content-boxes-1 .fusion-content-box-hover .fusion-read-more:hover:after,\n\t\t\t\t\t.fusion-content-boxes-1 .fusion-content-box-hover .fusion-read-more:hover:before,\n\t\t\t\t\t.fusion-content-boxes-1 .fusion-content-box-hover .fusion-read-more:hover,\n\t\t\t\t\t.fusion-content-boxes-1 .fusion-content-box-hover .link-area-box-hover.link-area-box .fusion-read-more,\n\t\t\t\t\t.fusion-content-boxes-1 .fusion-content-box-hover .link-area-box-hover.link-area-box .fusion-read-more::after,\n\t\t\t\t\t.fusion-content-boxes-1 .fusion-content-box-hover .link-area-box-hover.link-area-box .fusion-read-more::before,\n\t\t\t\t\t.fusion-content-boxes-1 .fusion-content-box-hover .link-area-link-icon-hover .icon .circle-no,\n\t\t\t\t\t.fusion-content-boxes-1 .heading .heading-link:hover .content-box-heading {\n\t\t\t\t\t\tcolor: #ffffff;\n\t\t\t\t\t}\n\t\t\t\t\t.fusion-content-boxes-1 .fusion-content-box-hover .link-area-box-hover .icon .circle-no {\n\t\t\t\t\t\tcolor: #ffffff !important;\n\t\t\t\t\t}.fusion-content-boxes-1 .fusion-content-box-hover .link-area-box.link-area-box-hover .fusion-content-box-button {background: #d6d6d6;color: #787878;background-image: -webkit-gradient( linear, left bottom, left top, from( #e8e8e8 ), to( #d6d6d6 ) );background-image: linear-gradient( to top, #e8e8e8, #d6d6d6 )}.fusion-content-boxes-1 .fusion-content-box-hover .link-area-box.link-area-box-hover .fusion-content-box-button .fusion-button-text {color: #787878;}\n\t\t\t\t\t.fusion-content-boxes-1 .fusion-content-box-hover .link-area-link-icon-hover .heading .icon > span {\n\t\t\t\t\t\tbackground-color: #ffffff !important;\n\t\t\t\t\t}\n\t\t\t\t\t.fusion-content-boxes-1 .fusion-content-box-hover .link-area-box-hover .heading .icon > span {\n\t\t\t\t\t\tborder-color: #ffffff !important;\n\t\t\t\t\t}<\/style><div class=\"fusion-column content-box-column content-box-column content-box-column-1 col-lg-4 col-md-4 col-sm-4 fusion-content-box-hover content-box-column-first-in-row\"><div class=\"col content-box-wrapper content-wrapper link-area-box icon-hover-animation-slide\" style=\"background-color:rgba(255,255,255,0);\" data-animationOffset=\"100%\"><div class=\"heading heading-with-icon icon-left\"><div class=\"image\"><img loading=\"lazy\" decoding=\"async\" src=\"https:\/\/www.integral.be\/wp-content\/uploads\/2020\/01\/secteur-industriel.jpg\" width=\"340\" height=\"220\" alt=\"\" \/><\/div><h3 class=\"content-box-heading\" style=\"font-size:18px;line-height:23px;\">Secteur industriel<\/h3><\/div><div class=\"fusion-clearfix\"><\/div><div class=\"content-container\" style=\"color:#ffffff;\">\n<div class=\"views-field views-field-body\">\n<div class=\"field-content\">\n<p style=\"text-align: left;\">Je suis une soci\u00e9t\u00e9 de production, je fabrique, stocke, distribue et installe les projets de mes clients. Je g\u00e8re un stock de mat\u00e9riaux et de produits finis.<\/p>\n<p style=\"text-align: left;\">Chacun de mes chantiers doit pouvoir \u00eatre analys\u00e9 en pr\u00e9- et post-production. Je planifie les \u00e9tapes de production et chaque d\u00e9partement doit pouvoir y participer.<\/p>\n<\/div>\n<\/div>\n<\/div><\/div><\/div><div class=\"fusion-column content-box-column content-box-column content-box-column-2 col-lg-4 col-md-4 col-sm-4 fusion-content-box-hover content-box-column-last\"><div class=\"col content-box-wrapper content-wrapper link-area-box icon-hover-animation-slide\" style=\"background-color:rgba(255,255,255,0);\" data-animationOffset=\"100%\"><div class=\"heading heading-with-icon icon-left\"><div class=\"image\"><img loading=\"lazy\" decoding=\"async\" src=\"https:\/\/www.integral.be\/wp-content\/uploads\/2020\/01\/centre-logistique.jpg\" width=\"340\" height=\"219\" alt=\"centre-logistique\" \/><\/div><h3 class=\"content-box-heading\" style=\"font-size:18px;line-height:23px;\">Centre logistique<\/h3><\/div><div class=\"fusion-clearfix\"><\/div><div class=\"content-container\" style=\"color:#ffffff;\">\n<div class=\"views-field views-field-body\">\n<div class=\"field-content\">\n<p style=\"text-align: left;\">Je suis une soci\u00e9t\u00e9 de services qui stocke et distribue les marchandises de mes clients. J\u2019implante leur tra\u00e7abilit\u00e9, accuse r\u00e9ception de leur produits et en assure le conditionnement, l&rsquo;\u00e9tiquetage et la distribution.<\/p>\n<p style=\"text-align: left;\">J\u2019ai besoin d\u2019un outil logistique embarqu\u00e9 permettant \u00e0 mes op\u00e9rateurs de stock d\u2019enregistrer chaque flux de marchandises.<\/p>\n<\/div>\n<\/div>\n<\/div><\/div><\/div><style type=\"text\/css\">\n\t\t\t\t\t\t.fusion-content-boxes-1 .fusion-content-box-hover .heading-link:hover .icon i.circle-yes,\n\t\t\t\t\t\t.fusion-content-boxes-1 .fusion-content-box-hover .link-area-box:hover .heading-link .icon i.circle-yes,\n\t\t\t\t\t\t.fusion-content-boxes-1 .fusion-content-box-hover .link-area-link-icon-hover .heading .icon i.circle-yes,\n\t\t\t\t\t\t.fusion-content-boxes-1 .fusion-content-box-hover .link-area-box-hover .heading .icon i.circle-yes {\n\t\t\t\t\t\t\tbackground-color: #ffffff !important;\n\t\t\t\t\t\t\tborder-color: #ffffff !important;\n\t\t\t\t\t\t}<\/style><div class=\"fusion-clearfix\"><\/div><\/div><div class=\"fusion-clearfix\"><\/div>\n\n\t\t\t\t\t<\/div>\n\t\t\t\t<\/div><\/div><\/div><\/p>\n","protected":false},"excerpt":{"rendered":"","protected":false},"author":4,"featured_media":0,"parent":0,"menu_order":0,"comment_status":"closed","ping_status":"closed","template":"100-width.php","meta":{"_monsterinsights_skip_tracking":false,"_monsterinsights_sitenote_active":false,"_monsterinsights_sitenote_note":"","_monsterinsights_sitenote_category":0,"footnotes":""},"class_list":["post-366","page","type-page","status-publish","hentry"],"aioseo_notices":[],"_links":{"self":[{"href":"https:\/\/integral.software\/fr\/wp-json\/wp\/v2\/pages\/366","targetHints":{"allow":["GET"]}}],"collection":[{"href":"https:\/\/integral.software\/fr\/wp-json\/wp\/v2\/pages"}],"about":[{"href":"https:\/\/integral.software\/fr\/wp-json\/wp\/v2\/types\/page"}],"author":[{"embeddable":true,"href":"https:\/\/integral.software\/fr\/wp-json\/wp\/v2\/users\/4"}],"replies":[{"embeddable":true,"href":"https:\/\/integral.software\/fr\/wp-json\/wp\/v2\/comments?post=366"}],"version-history":[{"count":4,"href":"https:\/\/integral.software\/fr\/wp-json\/wp\/v2\/pages\/366\/revisions"}],"predecessor-version":[{"id":955,"href":"https:\/\/integral.software\/fr\/wp-json\/wp\/v2\/pages\/366\/revisions\/955"}],"wp:attachment":[{"href":"https:\/\/integral.software\/fr\/wp-json\/wp\/v2\/media?parent=366"}],"curies":[{"name":"wp","href":"https:\/\/api.w.org\/{rel}","templated":true}]}}