{"id":356,"date":"2020-01-15T18:56:15","date_gmt":"2020-01-15T17:56:15","guid":{"rendered":"https:\/\/www.integral.be\/?page_id=356"},"modified":"2021-07-06T16:29:43","modified_gmt":"2021-07-06T14:29:43","slug":"tpe","status":"publish","type":"page","link":"https:\/\/integral.software\/fr\/tpe\/","title":{"rendered":"TPE"},"content":{"rendered":"<p><div class=\"fusion-fullwidth fullwidth-box fusion-builder-row-1 fusion-parallax-none nonhundred-percent-fullwidth non-hundred-percent-height-scrolling\"  style='background-color: rgba(255,255,255,0);background-image: url(\"https:\/\/www.integral.be\/wp-content\/uploads\/2020\/01\/tpe-1.jpg\");background-position: center center;background-repeat: no-repeat;padding-top:0px;padding-right:0px;padding-bottom:0px;padding-left:0px;-webkit-background-size:cover;-moz-background-size:cover;-o-background-size:cover;background-size:cover;'><div class=\"fusion-builder-row fusion-row \"><div  class=\"fusion-layout-column fusion_builder_column fusion_builder_column_2_5 fusion-builder-column-1 fusion-two-fifth fusion-column-first 2_5\"  style='margin-top:0px;margin-bottom:20px;width:37.6%; margin-right: 4%;'>\n\t\t\t\t\t<div class=\"fusion-column-wrapper\" style=\"padding: 150px 0px 30px 0px;background-position:left top;background-repeat:no-repeat;-webkit-background-size:cover;-moz-background-size:cover;-o-background-size:cover;background-size:cover;\"   data-bg-url=\"\">\n\t\t\t\t\t\t<div class=\"fusion-text\"><h1 style=\"text-align: left;\">Solution de gestion pour entreprise de moins de 10 collaborateurs<\/h1>\n<\/div><div class=\"fusion-clearfix\"><\/div>\n\n\t\t\t\t\t<\/div>\n\t\t\t\t<\/div><\/div><\/div><div class=\"fusion-fullwidth fullwidth-box fusion-builder-row-2 nonhundred-percent-fullwidth non-hundred-percent-height-scrolling\"  style='background-color: rgba(255,255,255,0);background-position: center center;background-repeat: no-repeat;padding-top:50px;padding-right:0px;padding-bottom:50px;padding-left:0px;'><div class=\"fusion-builder-row fusion-row \"><div  class=\"fusion-layout-column fusion_builder_column fusion_builder_column_1_1 fusion-builder-column-2 fusion-one-full fusion-column-first fusion-column-last 1_1\"  style='margin-top:0px;margin-bottom:20px;'>\n\t\t\t\t\t<div class=\"fusion-column-wrapper\" style=\"padding: 0px 15% 0px 15%;background-position:left top;background-repeat:no-repeat;-webkit-background-size:cover;-moz-background-size:cover;-o-background-size:cover;background-size:cover;\"   data-bg-url=\"\">\n\t\t\t\t\t\t<div class=\"fusion-text\"><h2>Un logiciel permettant de digitaliser mon entreprise tout en nous lib\u00e9rant du temps \u00e0 mes collaborateurs et moi, pour nous concentrer sur le coeur de notre activit\u00e9.<\/h2>\n<div>Toute structure, quelle qu&rsquo;en soit la taille et le secteur a besoin de <strong>deux choses principales<\/strong> :<\/div>\n<div>&#8211; de <strong>l&rsquo;organisation<\/strong> dans la gestion quotidienne de son activit\u00e9, et ce, afin d&rsquo;augmenter sa productivit\u00e9 et \u00eatre toujours plus concurentielle.<\/div>\n<div>&#8211; du <strong>gain de temps<\/strong> au niveau des t\u00e2ches r\u00e9p\u00e9titives, afin de lib\u00e9rer les comp\u00e9tences des collaborateurs \u00e0 des fins davantage centr\u00e9es sur l&rsquo;activit\u00e9 au coeur de la soci\u00e9t\u00e9.<\/div>\n<div><\/div>\n<div>La mise en place <strong>d&rsquo;un progiciel de gestion int\u00e9gr\u00e9 de type ERP<\/strong> vous aidera \u00e0 atteindre ces buts. Toutes les t\u00e2ches li\u00e9es \u00e0 l&rsquo;organisation quotidienne de votre activit\u00e9 (r\u00e9daction d&rsquo;offres, facturation, gestion des stocks&#8230;) seront centralis\u00e9es dans une seule base de donn\u00e9es et automatis\u00e9es.<\/div>\n<h3><strong>Pourquoi le\u00a0progiciel de gestion Integral est fait pour ma TPE ?<\/strong><\/h3>\n<p>Le <strong>logiciel de gestion Integral <\/strong>est un outil puissant, performant et complet. Vous centralisez l&rsquo;ensemble des informations li\u00e9es \u00e0 l&rsquo;activit\u00e9 de votre entreprise dans une seule base de donn\u00e9es, tr\u00e8s intuitive. Chez Integral, pas d&rsquo;interm\u00e9diaire, vous \u00eates en contact direct avec nos conseillers et nos d\u00e9veloppeurs, ce qui permet un traitement des demandes de nos clients plus rapide et plus efficace, et ce \u00e0 taille humaine.<\/p>\n<p>De plus, notre progiciel (<strong>ERP<\/strong>) permettra \u00e0 votre TPE d&rsquo;\u00e9voluer sereinement tout en gardant le contr\u00f4le et une autonomie suffisante. Gr\u00e2ce \u00e0 l&rsquo;h\u00e9bergement, vous acc\u00e9dez \u00e0 l&rsquo;ensemble de vos donn\u00e9es pr\u00e9sentes dans le logiciel de gestion, o\u00f9 que soyez, \u00e0 tout moment !<\/p>\n<h3><strong>Quelle formule est la mieux adapt\u00e9e aux besoins de ma TPE ?<\/strong><\/h3>\n<p>La mise en place de notre logiciel de gestion au sein d&rsquo;une structure telle qu&rsquo;une TPE ne n\u00e9cessite pas d&rsquo;investissement exhorbitant. La version <strong>Corporate<\/strong> est la plus en phase avec les besoins de la TPE.<\/p>\n<p>Vous disposez de la comptabilit\u00e9 g\u00e9n\u00e9rale, de la gestion commerciale des ventes, des achats et de la gestion des stocks \u00e0 un degr\u00e9 plus avanc\u00e9 que dans l&rsquo;\u00e9dition Personal. De la m\u00eame mani\u00e8re que pour les autres versions, des options suppl\u00e9mentaires peuvent \u00eatre ajout\u00e9es en fonction des besoins de votre entreprise.<\/p>\n<div><em>Prix de l\u2019\u00e9dition Corporate : 95\u20ac\/mois htva (h\u00e9bergement compris)<\/em><\/div>\n<\/div><div class=\"fusion-clearfix\"><\/div>\n\n\t\t\t\t\t<\/div>\n\t\t\t\t<\/div><div  class=\"fusion-layout-column fusion_builder_column fusion_builder_column_1_3 fusion-builder-column-3 fusion-one-third fusion-column-first 1_3\"  style='margin-top:0px;margin-bottom:20px;width:33.33%;width:calc(33.33% - ( ( 4% + 4% ) * 0.3333 ) );margin-right: 4%;'>\n\t\t\t\t\t<div class=\"fusion-column-wrapper\" style=\"padding: 0px 0px 0px 0px;background-position:left top;background-repeat:no-repeat;-webkit-background-size:cover;-moz-background-size:cover;-o-background-size:cover;background-size:cover;\"   data-bg-url=\"\">\n\t\t\t\t\t\t<div class=\"fusion-clearfix\"><\/div>\n\n\t\t\t\t\t<\/div>\n\t\t\t\t<\/div><div  class=\"fusion-layout-column fusion_builder_column fusion_builder_column_1_3 fusion-builder-column-4 fusion-one-third 1_3\"  style='margin-top:0px;margin-bottom:20px;width:33.33%;width:calc(33.33% - ( ( 4% + 4% ) * 0.3333 ) );margin-right: 4%;'>\n\t\t\t\t\t<div class=\"fusion-column-wrapper\" style=\"padding: 0px 0px 0px 0px;background-position:left top;background-repeat:no-repeat;-webkit-background-size:cover;-moz-background-size:cover;-o-background-size:cover;background-size:cover;\"   data-bg-url=\"\">\n\t\t\t\t\t\t<div class=\"fusion-button-wrapper fusion-aligncenter\"><style type=\"text\/css\">.fusion-button.button-1 .fusion-button-text, .fusion-button.button-1 i {color:#ffffff;}.fusion-button.button-1 .fusion-button-icon-divider{border-color:#ffffff;}.fusion-button.button-1:hover .fusion-button-text, .fusion-button.button-1:hover i,.fusion-button.button-1:focus .fusion-button-text, .fusion-button.button-1:focus i,.fusion-button.button-1:active .fusion-button-text, .fusion-button.button-1:active{color:#ff9800;}.fusion-button.button-1:hover .fusion-button-icon-divider, .fusion-button.button-1:hover .fusion-button-icon-divider, .fusion-button.button-1:active .fusion-button-icon-divider{border-color:#ff9800;}.fusion-button.button-1:hover, .fusion-button.button-1:focus, .fusion-button.button-1:active{border-color:#ff9800;border-width:2px;}.fusion-button.button-1 {border-color:#ff9800;border-width:2px;border-radius:2px;}.fusion-button.button-1{background: #ff9800;\n\t\t\t\t\t\t\tbackground-image: -webkit-gradient( linear, left bottom, left top, from( #ffc107 ), to( #ff9800 ) );\n\t\t\t\t\t\t\tbackground-image: -webkit-linear-gradient( bottom, #ffc107, #ff9800 );\n\t\t\t\t\t\t\tbackground-image:   -moz-linear-gradient( bottom, #ffc107, #ff9800 );\n\t\t\t\t\t\t\tbackground-image:     -o-linear-gradient( bottom, #ffc107, #ff9800 );\n\t\t\t\t\t\t\tbackground-image: linear-gradient( to top, #ffc107, #ff9800 );}.fusion-button.button-1:hover,.button-1:focus,.fusion-button.button-1:active{background: #ffffff;}<\/style><a class=\"fusion-button button-flat button-xlarge button-custom button-1 fusion-button-default-span \" target=\"_self\" href=\"..\/fr\/demo-erp\/\"><i class=\"fa-rocket fas button-icon-left\"><\/i><span class=\"fusion-button-text\">Demandez une D\u00e9mo<\/span><\/a><\/div><div class=\"fusion-clearfix\"><\/div>\n\n\t\t\t\t\t<\/div>\n\t\t\t\t<\/div><div  class=\"fusion-layout-column fusion_builder_column fusion_builder_column_1_3 fusion-builder-column-5 fusion-one-third fusion-column-last 1_3\"  style='margin-top:0px;margin-bottom:20px;width:33.33%;width:calc(33.33% - ( ( 4% + 4% ) * 0.3333 ) );'>\n\t\t\t\t\t<div class=\"fusion-column-wrapper\" style=\"padding: 0px 0px 0px 0px;background-position:left top;background-repeat:no-repeat;-webkit-background-size:cover;-moz-background-size:cover;-o-background-size:cover;background-size:cover;\"   data-bg-url=\"\">\n\t\t\t\t\t\t<div class=\"fusion-clearfix\"><\/div>\n\n\t\t\t\t\t<\/div>\n\t\t\t\t<\/div><\/div><\/div><div class=\"fusion-fullwidth fullwidth-box fusion-builder-row-3 nonhundred-percent-fullwidth non-hundred-percent-height-scrolling\"  style='background-color: #607d8b;background-position: center center;background-repeat: no-repeat;padding-top:80px;padding-right:0px;padding-bottom:80px;padding-left:0px;'><div class=\"fusion-builder-row fusion-row \"><div  class=\"fusion-layout-column fusion_builder_column fusion_builder_column_1_1 fusion-builder-column-6 fusion-one-full fusion-column-first fusion-column-last 1_1\"  style='margin-top:0px;margin-bottom:20px;'>\n\t\t\t\t\t<div class=\"fusion-column-wrapper\" style=\"padding: 0px 0px 0px 0px;background-position:left top;background-repeat:no-repeat;-webkit-background-size:cover;-moz-background-size:cover;-o-background-size:cover;background-size:cover;\"   data-bg-url=\"\">\n\t\t\t\t\t\t<div class=\"fusion-content-boxes content-boxes columns row fusion-columns-3 fusion-columns-total-1 fusion-content-boxes-1 content-boxes-icon-on-top content-left\" data-animationOffset=\"100%\" style=\"margin-top:0px;margin-bottom:60px;\"><style type=\"text\/css\">.fusion-content-boxes-1 .heading .content-box-heading {color:#ffffff;}\n\t\t\t\t\t.fusion-content-boxes-1 .fusion-content-box-hover .link-area-link-icon-hover .heading .content-box-heading,\n\t\t\t\t\t.fusion-content-boxes-1 .fusion-content-box-hover .link-area-link-icon-hover .heading .heading-link .content-box-heading,\n\t\t\t\t\t.fusion-content-boxes-1 .fusion-content-box-hover .link-area-box-hover .heading .content-box-heading,\n\t\t\t\t\t.fusion-content-boxes-1 .fusion-content-box-hover .link-area-box-hover .heading .heading-link .content-box-heading,\n\t\t\t\t\t.fusion-content-boxes-1 .fusion-content-box-hover .link-area-link-icon-hover.link-area-box .fusion-read-more,\n\t\t\t\t\t.fusion-content-boxes-1 .fusion-content-box-hover .link-area-link-icon-hover.link-area-box .fusion-read-more::after,\n\t\t\t\t\t.fusion-content-boxes-1 .fusion-content-box-hover .link-area-link-icon-hover.link-area-box .fusion-read-more::before,\n\t\t\t\t\t.fusion-content-boxes-1 .fusion-content-box-hover .fusion-read-more:hover:after,\n\t\t\t\t\t.fusion-content-boxes-1 .fusion-content-box-hover .fusion-read-more:hover:before,\n\t\t\t\t\t.fusion-content-boxes-1 .fusion-content-box-hover .fusion-read-more:hover,\n\t\t\t\t\t.fusion-content-boxes-1 .fusion-content-box-hover .link-area-box-hover.link-area-box .fusion-read-more,\n\t\t\t\t\t.fusion-content-boxes-1 .fusion-content-box-hover .link-area-box-hover.link-area-box .fusion-read-more::after,\n\t\t\t\t\t.fusion-content-boxes-1 .fusion-content-box-hover .link-area-box-hover.link-area-box .fusion-read-more::before,\n\t\t\t\t\t.fusion-content-boxes-1 .fusion-content-box-hover .link-area-link-icon-hover .icon .circle-no,\n\t\t\t\t\t.fusion-content-boxes-1 .heading .heading-link:hover .content-box-heading {\n\t\t\t\t\t\tcolor: #ffffff;\n\t\t\t\t\t}\n\t\t\t\t\t.fusion-content-boxes-1 .fusion-content-box-hover .link-area-box-hover .icon .circle-no {\n\t\t\t\t\t\tcolor: #ffffff !important;\n\t\t\t\t\t}.fusion-content-boxes-1 .fusion-content-box-hover .link-area-box.link-area-box-hover .fusion-content-box-button {background: #d6d6d6;color: #787878;background-image: -webkit-gradient( linear, left bottom, left top, from( #e8e8e8 ), to( #d6d6d6 ) );background-image: linear-gradient( to top, #e8e8e8, #d6d6d6 )}.fusion-content-boxes-1 .fusion-content-box-hover .link-area-box.link-area-box-hover .fusion-content-box-button .fusion-button-text {color: #787878;}\n\t\t\t\t\t.fusion-content-boxes-1 .fusion-content-box-hover .link-area-link-icon-hover .heading .icon > span {\n\t\t\t\t\t\tbackground-color: #ffffff !important;\n\t\t\t\t\t}\n\t\t\t\t\t.fusion-content-boxes-1 .fusion-content-box-hover .link-area-box-hover .heading .icon > span {\n\t\t\t\t\t\tborder-color: #ffffff !important;\n\t\t\t\t\t}<\/style><div class=\"fusion-column content-box-column content-box-column content-box-column-1 col-lg-4 col-md-4 col-sm-4 fusion-content-box-hover content-box-column-first-in-row content-box-column-last\"><div class=\"col content-box-wrapper content-wrapper link-area-box icon-hover-animation-slide\" style=\"background-color:rgba(255,255,255,0);\" data-animationOffset=\"100%\"><div class=\"heading heading-with-icon icon-left\"><div class=\"image\"><img decoding=\"async\" src=\"https:\/\/www.integral.be\/wp-content\/uploads\/2020\/02\/Ne\u0301goce-en-textile.jpg\" width=\"340\" height=\"235.22\" alt=\"Ne\u0301goce en textile\" \/><\/div><h3 class=\"content-box-heading\" style=\"font-size:18px;line-height:23px;\">N\u00e9goce en textile<\/h3><\/div><div class=\"fusion-clearfix\"><\/div><div class=\"content-container\" style=\"color:#ffffff;\">\n<div class=\"views-field views-field-body\">\n<div class=\"field-content\">\n<div class=\"views-field views-field-body\">\n<div class=\"field-content\">\n<p>Je tiens un magasin, je conseille, je g\u00e8re un stock d\u2019accessoires et de produits g\u00e9r\u00e9s par tailles, je preste un service de retouches, mes clients sont tout autant des personnes priv\u00e9es que des professionnels.<\/p>\n<p>La fid\u00e9lit\u00e9 de mes clients est essentielle et je mets en \u0153uvre tous les outils n\u00e9cessaires pour la conserver.<\/p>\n<\/div>\n<\/div>\n<\/div>\n<\/div>\n<\/div><\/div><\/div><style type=\"text\/css\">\n\t\t\t\t\t\t.fusion-content-boxes-1 .fusion-content-box-hover .heading-link:hover .icon i.circle-yes,\n\t\t\t\t\t\t.fusion-content-boxes-1 .fusion-content-box-hover .link-area-box:hover .heading-link .icon i.circle-yes,\n\t\t\t\t\t\t.fusion-content-boxes-1 .fusion-content-box-hover .link-area-link-icon-hover .heading .icon i.circle-yes,\n\t\t\t\t\t\t.fusion-content-boxes-1 .fusion-content-box-hover .link-area-box-hover .heading .icon i.circle-yes {\n\t\t\t\t\t\t\tbackground-color: #ffffff !important;\n\t\t\t\t\t\t\tborder-color: #ffffff !important;\n\t\t\t\t\t\t}<\/style><div class=\"fusion-clearfix\"><\/div><\/div><div class=\"fusion-clearfix\"><\/div>\n\n\t\t\t\t\t<\/div>\n\t\t\t\t<\/div><\/div><\/div><\/p>\n","protected":false},"excerpt":{"rendered":"","protected":false},"author":4,"featured_media":0,"parent":0,"menu_order":0,"comment_status":"closed","ping_status":"closed","template":"100-width.php","meta":{"_monsterinsights_skip_tracking":false,"_monsterinsights_sitenote_active":false,"_monsterinsights_sitenote_note":"","_monsterinsights_sitenote_category":0,"footnotes":""},"class_list":["post-356","page","type-page","status-publish","hentry"],"aioseo_notices":[],"_links":{"self":[{"href":"https:\/\/integral.software\/fr\/wp-json\/wp\/v2\/pages\/356","targetHints":{"allow":["GET"]}}],"collection":[{"href":"https:\/\/integral.software\/fr\/wp-json\/wp\/v2\/pages"}],"about":[{"href":"https:\/\/integral.software\/fr\/wp-json\/wp\/v2\/types\/page"}],"author":[{"embeddable":true,"href":"https:\/\/integral.software\/fr\/wp-json\/wp\/v2\/users\/4"}],"replies":[{"embeddable":true,"href":"https:\/\/integral.software\/fr\/wp-json\/wp\/v2\/comments?post=356"}],"version-history":[{"count":5,"href":"https:\/\/integral.software\/fr\/wp-json\/wp\/v2\/pages\/356\/revisions"}],"predecessor-version":[{"id":957,"href":"https:\/\/integral.software\/fr\/wp-json\/wp\/v2\/pages\/356\/revisions\/957"}],"wp:attachment":[{"href":"https:\/\/integral.software\/fr\/wp-json\/wp\/v2\/media?parent=356"}],"curies":[{"name":"wp","href":"https:\/\/api.w.org\/{rel}","templated":true}]}}