{"id":299,"date":"2020-01-15T14:12:41","date_gmt":"2020-01-15T13:12:41","guid":{"rendered":"https:\/\/www.integral.be\/?page_id=299"},"modified":"2021-04-27T16:25:04","modified_gmt":"2021-04-27T14:25:04","slug":"demo-erp","status":"publish","type":"page","link":"https:\/\/integral.software\/fr\/demo-erp\/","title":{"rendered":"Demo ERP"},"content":{"rendered":"<p><div class=\"fusion-fullwidth fullwidth-box fusion-builder-row-1 nonhundred-percent-fullwidth non-hundred-percent-height-scrolling\"  style='background-color: rgba(255,255,255,0);background-position: center center;background-repeat: no-repeat;padding-top:50px;padding-right:15%;padding-bottom:0px;padding-left:15%;'><div class=\"fusion-builder-row fusion-row \"><div  class=\"fusion-layout-column fusion_builder_column fusion_builder_column_1_2 fusion-builder-column-1 fusion-one-half fusion-column-first 1_2\"  style='margin-top:0px;margin-bottom:20px;width:50%;width:calc(50% - ( ( 4% ) * 0.5 ) );margin-right: 4%;'>\n\t\t\t\t\t<div class=\"fusion-column-wrapper\" style=\"padding: 0px 0px 0px 0px;background-position:left top;background-repeat:no-repeat;-webkit-background-size:cover;-moz-background-size:cover;-o-background-size:cover;background-size:cover;\"   data-bg-url=\"\">\n\t\t\t\t\t\t<div class=\"fusion-text\"><p><img loading=\"lazy\" decoding=\"async\" class=\"wp-image-676 alignleft\" src=\"https:\/\/www.integral.be\/wp-content\/uploads\/2020\/02\/demo-erp-300x200.jpg\" alt=\"demander une demo d'Integral\" width=\"335\" height=\"223\" srcset=\"https:\/\/integral.software\/wp-content\/uploads\/2020\/02\/demo-erp-200x133.jpg 200w, https:\/\/integral.software\/wp-content\/uploads\/2020\/02\/demo-erp-300x200.jpg 300w, https:\/\/integral.software\/wp-content\/uploads\/2020\/02\/demo-erp-400x267.jpg 400w, https:\/\/integral.software\/wp-content\/uploads\/2020\/02\/demo-erp-600x400.jpg 600w, https:\/\/integral.software\/wp-content\/uploads\/2020\/02\/demo-erp-768x512.jpg 768w, https:\/\/integral.software\/wp-content\/uploads\/2020\/02\/demo-erp-800x533.jpg 800w, https:\/\/integral.software\/wp-content\/uploads\/2020\/02\/demo-erp-1024x683.jpg 1024w, https:\/\/integral.software\/wp-content\/uploads\/2020\/02\/demo-erp-1200x800.jpg 1200w, https:\/\/integral.software\/wp-content\/uploads\/2020\/02\/demo-erp-1536x1024.jpg 1536w, https:\/\/integral.software\/wp-content\/uploads\/2020\/02\/demo-erp-scaled.jpg 2560w\" sizes=\"auto, (max-width: 335px) 100vw, 335px\" \/><\/p>\n<p><strong>Integral<\/strong> est un progiciel de gestion dot\u00e9 de nombreux modules vous permettant de le personnaliser en fonction de vos besoins. Nous vous proposons notamment une solution de comptabilit\u00e9, de gestion des stocks, des achats, des ventes, mais \u00e9galement un e-shop int\u00e9gr\u00e9, ainsi que la gestion de la relation client et des locations de mat\u00e9riel ou prestations r\u00e9currentes.<\/p>\n<p>Quelle que soit la taille de votre entreprise, Integral s\u2019adapte \u00e0 votre profil et vos besoins pour vous fournir des solutions personnalis\u00e9es, simples et performantes. Disponible en <strong>3 \u00e9ditions\u00a0: Personal, Corporate et Advanced<\/strong>, notre logiciel de gestion se d\u00e9cline en un \u00e9ventail plus ou moins large de fonctionnalit\u00e9s pour convenir au mieux \u00e0 votre entreprise et votre secteur d\u2019activit\u00e9.<\/p>\n<p>Nous disposons \u00e9galement d\u2019une version r\u00e9serv\u00e9e aux fiduciaires et professionnels du chiffre. L\u2019acc\u00e8s mandat\u00e9 leur permet d\u2019acc\u00e9der en toute s\u00e9curit\u00e9 aux dossiers h\u00e9berg\u00e9s de leurs clients et rend leur travail plus efficace.<\/p>\n<h3><em>Quelques-uns des nombreux avantages d\u2019Integral\u00a0?<\/em><\/h3>\n<ul>\n<li><em>Un logiciel intuitif et accessible<\/em>: La prise en main est simple, et nos \u00e9quipes de support sont \u00e0 votre disposition pour des formations compl\u00e8tes selon vos besoins.<\/li>\n<li><em>Un outil accessible<\/em>: Gr\u00e2ce \u00e0 l\u2019installation h\u00e9berg\u00e9e, vos donn\u00e9es sont accessibles depuis n\u2019importe quel poste, o\u00f9 que vous soyez.<\/li>\n<li><em>Une solution \u00e9volutive<\/em>: Vous passez sans souci d\u2019une \u00e9dition \u00e0 l\u2019autre en adaptant simplement votre formule d\u2019abonnement.<\/li>\n<\/ul>\n<h3><strong>Comment \u00e7a marche\u00a0?<\/strong><\/h3>\n<ol>\n<li>Vous remplissez le formulaire ci-dessous avec le plus d\u2019informations possibles.<\/li>\n<li>Un de nos collaborateurs vous contactera directement (par e-mail ou par t\u00e9l\u00e9phone, selon vos pr\u00e9f\u00e9rences) afin d\u2019identifier vos besoins.<\/li>\n<li>Nous fixerons ensuite une d\u00e9monstration (sur RDV en nos locaux ou les v\u00f4tres, ou \u00e0 distance).<\/li>\n<li>Vous aurez par la suite acc\u00e8s \u00e0 l\u2019un de nos serveurs de test pendant 30 jours, sans engagement, afin de pouvoir tester l\u2019outil Integral en conditions r\u00e9elles.<\/li>\n<li>A l\u2019issue de ces 30 jours, vous choisirez d\u2019adopter le logiciel, nous en sommes convaincus \ud83d\ude42<\/li>\n<\/ol>\n<\/div><div class=\"fusion-clearfix\"><\/div>\n\n\t\t\t\t\t<\/div>\n\t\t\t\t<\/div><div  class=\"fusion-layout-column fusion_builder_column fusion_builder_column_1_2 fusion-builder-column-2 fusion-one-half fusion-column-last fusion-column-no-min-height 1_2\"  style='margin-top:0px;margin-bottom:20px;width:50%;width:calc(50% - ( ( 4% ) * 0.5 ) );'>\n\t\t\t\t\t<div class=\"fusion-column-wrapper\" style=\"background-color:#ffffff;box-shadow:0px 0px #999999;;padding: 0px 2% 0px 2%;background-position:left top;background-repeat:no-repeat;-webkit-background-size:cover;-moz-background-size:cover;-o-background-size:cover;background-size:cover;\"   data-bg-url=\"\">\n\t\t\t\t\t\t<div class=\"fusion-column-content-centered\"><div class=\"fusion-column-content\"><style type=\"text\/css\"><\/style><div class=\"fusion-title title fusion-title-1 fusion-title-text fusion-title-size-one\" style=\"margin-top:0px;margin-bottom:0px;\"><h1 class=\"title-heading-left\" style=\"margin:0;\"><p style=\"text-align: center;\">Demandez une d\u00e9monstration d&rsquo;Integral<\/p><\/h1><div class=\"title-sep-container\"><div class=\"title-sep sep-single sep-solid\" style=\"border-color:#e0dede;\"><\/div><\/div><\/div><div class=\"fusion-text\"><p style=\"text-align: center;\"><div class=\"wpforms-container wpforms-container-full\" id=\"wpforms-469\"><form id=\"wpforms-form-469\" class=\"wpforms-validate wpforms-form\" data-formid=\"469\" method=\"post\" enctype=\"multipart\/form-data\" action=\"\/fr\/wp-json\/wp\/v2\/pages\/299\" data-token=\"2fd7e3678b8651916f1968395426efc7\" data-token-time=\"1777458507\"><noscript class=\"wpforms-error-noscript\">Veuillez activer JavaScript dans votre navigateur pour remplir ce formulaire.<\/noscript><div class=\"wpforms-field-container\"><div id=\"wpforms-469-field_3-container\" class=\"wpforms-field wpforms-field-text\" data-field-id=\"3\"><label class=\"wpforms-field-label\" for=\"wpforms-469-field_3\">Soci\u00e9t\u00e9 <\/label><input type=\"text\" id=\"wpforms-469-field_3\" class=\"wpforms-field-small\" name=\"wpforms[fields][3]\" ><\/div><div id=\"wpforms-469-field_4-container\" class=\"wpforms-field wpforms-field-text\" data-field-id=\"4\"><label class=\"wpforms-field-label\" for=\"wpforms-469-field_4\">Num\u00e9ro de TVA<\/label><input type=\"text\" id=\"wpforms-469-field_4\" class=\"wpforms-field-small\" name=\"wpforms[fields][4]\" ><\/div><div id=\"wpforms-469-field_0-container\" class=\"wpforms-field wpforms-field-name\" data-field-id=\"0\"><label class=\"wpforms-field-label\">Coordonn\u00e9es Personnelles <span class=\"wpforms-required-label\">*<\/span><\/label><div class=\"wpforms-field-row wpforms-field-medium\"><div class=\"wpforms-field-row-block wpforms-first wpforms-one-half\"><input type=\"text\" id=\"wpforms-469-field_0\" class=\"wpforms-field-name-first wpforms-field-required\" name=\"wpforms[fields][0][first]\" required><label for=\"wpforms-469-field_0\" class=\"wpforms-field-sublabel after\">Pr\u00e9nom<\/label><\/div><div class=\"wpforms-field-row-block wpforms-one-half\"><input type=\"text\" id=\"wpforms-469-field_0-last\" class=\"wpforms-field-name-last wpforms-field-required\" name=\"wpforms[fields][0][last]\" required><label for=\"wpforms-469-field_0-last\" class=\"wpforms-field-sublabel after\">Nom<\/label><\/div><\/div><\/div><div id=\"wpforms-469-field_6-container\" class=\"wpforms-field wpforms-field-number\" data-field-id=\"6\"><label class=\"wpforms-field-label\" for=\"wpforms-469-field_6\">Num\u00e9ro de t\u00e9l\u00e9phone <span class=\"wpforms-required-label\">*<\/span><\/label><input type=\"number\" id=\"wpforms-469-field_6\" class=\"wpforms-field-small wpforms-field-required\" name=\"wpforms[fields][6]\" step=\"any\" required><\/div><div id=\"wpforms-469-field_1-container\" class=\"wpforms-field wpforms-field-email\" data-field-id=\"1\"><label class=\"wpforms-field-label\" for=\"wpforms-469-field_1\">E-mail <span class=\"wpforms-required-label\">*<\/span><\/label><input type=\"email\" id=\"wpforms-469-field_1\" class=\"wpforms-field-medium wpforms-field-required\" name=\"wpforms[fields][1]\" spellcheck=\"false\" required><\/div><div id=\"wpforms-469-field_7-container\" class=\"wpforms-field wpforms-field-select wpforms-field-select-style-classic\" data-field-id=\"7\"><label class=\"wpforms-field-label\" for=\"wpforms-469-field_7\">Je suis <span class=\"wpforms-required-label\">*<\/span><\/label><select id=\"wpforms-469-field_7\" class=\"wpforms-field-medium wpforms-field-required\" name=\"wpforms[fields][7]\" required=\"required\"><option value=\"Ind\u00e9pendant\"  class=\"choice-1 depth-1\"  >Ind\u00e9pendant<\/option><option value=\"TPE\"  class=\"choice-2 depth-1\"  >TPE<\/option><option value=\"PME\"  class=\"choice-3 depth-1\"  >PME<\/option><option value=\"Comptable \/ Fiduciaire\"  class=\"choice-4 depth-1\"  >Comptable \/ Fiduciaire<\/option><option value=\"A la recherche d&#039;une solution e-Business\"  class=\"choice-5 depth-1\"  >A la recherche d'une solution e-Business<\/option><option value=\"Autre\"  class=\"choice-6 depth-1\"  >Autre<\/option><\/select><\/div><div id=\"wpforms-469-field_9-container\" class=\"wpforms-field wpforms-field-text\" data-field-id=\"9\"><label class=\"wpforms-field-label\" for=\"wpforms-469-field_9\">D\u00e9crivez bri\u00e8vement votre activit\u00e9<\/label><input type=\"text\" id=\"wpforms-469-field_9\" class=\"wpforms-field-medium\" name=\"wpforms[fields][9]\" ><\/div><div id=\"wpforms-469-field_8-container\" class=\"wpforms-field wpforms-field-checkbox\" data-field-id=\"8\"><label class=\"wpforms-field-label\">Quel est le meilleur jour de la semaine pour vous contacter ?  <span class=\"wpforms-required-label\">*<\/span><\/label><ul id=\"wpforms-469-field_8\" class=\"wpforms-field-required\"><li class=\"choice-1 depth-1\"><input type=\"checkbox\" id=\"wpforms-469-field_8_1\" name=\"wpforms[fields][8][]\" value=\"Lundi\" required ><label class=\"wpforms-field-label-inline\" for=\"wpforms-469-field_8_1\">Lundi<\/label><\/li><li class=\"choice-2 depth-1\"><input type=\"checkbox\" id=\"wpforms-469-field_8_2\" name=\"wpforms[fields][8][]\" value=\"Mardi\" required ><label class=\"wpforms-field-label-inline\" for=\"wpforms-469-field_8_2\">Mardi<\/label><\/li><li class=\"choice-3 depth-1\"><input type=\"checkbox\" id=\"wpforms-469-field_8_3\" name=\"wpforms[fields][8][]\" value=\"Mercredi\" required ><label class=\"wpforms-field-label-inline\" for=\"wpforms-469-field_8_3\">Mercredi<\/label><\/li><li class=\"choice-5 depth-1\"><input type=\"checkbox\" id=\"wpforms-469-field_8_5\" name=\"wpforms[fields][8][]\" value=\"Jeudi\" required ><label class=\"wpforms-field-label-inline\" for=\"wpforms-469-field_8_5\">Jeudi<\/label><\/li><li class=\"choice-4 depth-1\"><input type=\"checkbox\" id=\"wpforms-469-field_8_4\" name=\"wpforms[fields][8][]\" value=\"Vendredi\" required ><label class=\"wpforms-field-label-inline\" for=\"wpforms-469-field_8_4\">Vendredi<\/label><\/li><\/ul><\/div><div id=\"wpforms-469-field_10-container\" class=\"wpforms-field wpforms-field-checkbox\" data-field-id=\"10\"><label class=\"wpforms-field-label\">A quel moment de la journ\u00e9e est-il id\u00e9al de vous contacter ?  <span class=\"wpforms-required-label\">*<\/span><\/label><ul id=\"wpforms-469-field_10\" class=\"wpforms-field-required\"><li class=\"choice-1 depth-1\"><input type=\"checkbox\" id=\"wpforms-469-field_10_1\" name=\"wpforms[fields][10][]\" value=\"Matin (8h30-12h30)\" required ><label class=\"wpforms-field-label-inline\" for=\"wpforms-469-field_10_1\">Matin (8h30-12h30)<\/label><\/li><li class=\"choice-2 depth-1\"><input type=\"checkbox\" id=\"wpforms-469-field_10_2\" name=\"wpforms[fields][10][]\" value=\"Apr\u00e8s-midi (13h30-17h00)\" required ><label class=\"wpforms-field-label-inline\" for=\"wpforms-469-field_10_2\">Apr\u00e8s-midi (13h30-17h00)<\/label><\/li><\/ul><\/div><\/div><!-- .wpforms-field-container --><div class=\"wpforms-field wpforms-field-hp\"><label for=\"wpforms-469-field-hp\" class=\"wpforms-field-label\">Name<\/label><input type=\"text\" name=\"wpforms[hp]\" id=\"wpforms-469-field-hp\" class=\"wpforms-field-medium\"><\/div><div class=\"wpforms-submit-container\" ><input type=\"hidden\" name=\"wpforms[id]\" value=\"469\"><input type=\"hidden\" name=\"page_title\" value=\"\"><input type=\"hidden\" name=\"page_url\" value=\"https:\/\/integral.software\/fr\/wp-json\/wp\/v2\/pages\/299\"><input type=\"hidden\" name=\"url_referer\" value=\"\"><button type=\"submit\" name=\"wpforms[submit]\" id=\"wpforms-submit-469\" class=\"wpforms-submit\" data-alt-text=\"Envoi...\" data-submit-text=\"Envoyer\" aria-live=\"assertive\" value=\"wpforms-submit\">Envoyer<\/button><\/div><\/form><\/div>  <!-- .wpforms-container --><\/p>\n<\/div><\/div><\/div><div class=\"fusion-clearfix\"><\/div>\n\n\t\t\t\t\t<\/div>\n\t\t\t\t<\/div><\/div><\/div><div class=\"fusion-fullwidth fullwidth-box fusion-builder-row-2 nonhundred-percent-fullwidth non-hundred-percent-height-scrolling\"  style='background-color: #ffffff;background-position: center center;background-repeat: no-repeat;padding-top:50Px;padding-right:0px;padding-bottom:50Px;padding-left:0px;'><div class=\"fusion-builder-row fusion-row \"><div  class=\"fusion-layout-column fusion_builder_column fusion_builder_column_1_5 fusion-builder-column-3 fusion-one-fifth fusion-column-first 1_5\"  style='margin-top:0px;margin-bottom:20px;width:20%;width:calc(20% - ( ( 4% ) * 0.2 ) );margin-right: 4%;'>\n\t\t\t\t\t<div class=\"fusion-column-wrapper\" style=\"padding: 0px 0px 0px 0px;background-position:left top;background-repeat:no-repeat;-webkit-background-size:cover;-moz-background-size:cover;-o-background-size:cover;background-size:cover;\"   data-bg-url=\"\">\n\t\t\t\t\t\t<div class=\"fusion-clearfix\"><\/div>\n\n\t\t\t\t\t<\/div>\n\t\t\t\t<\/div><div  class=\"fusion-layout-column fusion_builder_column fusion_builder_column_1_5 fusion-builder-column-4 fusion-one-fifth fusion-column-last 1_5\"  style='margin-top:0px;margin-bottom:20px;width:20%;width:calc(20% - ( ( 4% ) * 0.2 ) );'>\n\t\t\t\t\t<div class=\"fusion-column-wrapper\" style=\"padding: 0px 0px 0px 0px;background-position:left top;background-repeat:no-repeat;-webkit-background-size:cover;-moz-background-size:cover;-o-background-size:cover;background-size:cover;\"   data-bg-url=\"\">\n\t\t\t\t\t\t<div class=\"fusion-clearfix\"><\/div>\n\n\t\t\t\t\t<\/div>\n\t\t\t\t<\/div><\/div><\/div><\/p>\n","protected":false},"excerpt":{"rendered":"","protected":false},"author":4,"featured_media":0,"parent":0,"menu_order":0,"comment_status":"closed","ping_status":"closed","template":"100-width.php","meta":{"_monsterinsights_skip_tracking":false,"_monsterinsights_sitenote_active":false,"_monsterinsights_sitenote_note":"","_monsterinsights_sitenote_category":0,"footnotes":""},"class_list":["post-299","page","type-page","status-publish","hentry"],"aioseo_notices":[],"_links":{"self":[{"href":"https:\/\/integral.software\/fr\/wp-json\/wp\/v2\/pages\/299","targetHints":{"allow":["GET"]}}],"collection":[{"href":"https:\/\/integral.software\/fr\/wp-json\/wp\/v2\/pages"}],"about":[{"href":"https:\/\/integral.software\/fr\/wp-json\/wp\/v2\/types\/page"}],"author":[{"embeddable":true,"href":"https:\/\/integral.software\/fr\/wp-json\/wp\/v2\/users\/4"}],"replies":[{"embeddable":true,"href":"https:\/\/integral.software\/fr\/wp-json\/wp\/v2\/comments?post=299"}],"version-history":[{"count":27,"href":"https:\/\/integral.software\/fr\/wp-json\/wp\/v2\/pages\/299\/revisions"}],"predecessor-version":[{"id":926,"href":"https:\/\/integral.software\/fr\/wp-json\/wp\/v2\/pages\/299\/revisions\/926"}],"wp:attachment":[{"href":"https:\/\/integral.software\/fr\/wp-json\/wp\/v2\/media?parent=299"}],"curies":[{"name":"wp","href":"https:\/\/api.w.org\/{rel}","templated":true}]}}