{"id":274,"date":"2019-11-30T19:35:15","date_gmt":"2019-11-30T18:35:15","guid":{"rendered":"https:\/\/www.integral.be\/?page_id=274"},"modified":"2025-04-07T14:13:04","modified_gmt":"2025-04-07T12:13:04","slug":"codabox","status":"publish","type":"page","link":"https:\/\/integral.software\/fr\/codabox\/","title":{"rendered":"Codabox"},"content":{"rendered":"<div class=\"fusion-fullwidth fullwidth-box fusion-builder-row-1 nonhundred-percent-fullwidth non-hundred-percent-height-scrolling\"  style='background-color: rgba(255,255,255,0);background-position: center center;background-repeat: no-repeat;padding-top:0px;padding-right:0px;padding-bottom:0px;padding-left:0px;'><div class=\"fusion-builder-row fusion-row \"><div  class=\"fusion-layout-column fusion_builder_column fusion_builder_column_1_1 fusion-builder-column-1 fusion-one-full fusion-column-first fusion-column-last 1_1\"  style='margin-top:0px;margin-bottom:20px;'>\n\t\t\t\t\t<div class=\"fusion-column-wrapper\" style=\"padding: 0px 0px 0px 0px;background-position:left top;background-repeat:no-repeat;-webkit-background-size:cover;-moz-background-size:cover;-o-background-size:cover;background-size:cover;\"   data-bg-url=\"\">\n\t\t\t\t\t\t<div class=\"fusion-content-boxes content-boxes columns row fusion-columns-1 fusion-columns-total-1 fusion-content-boxes-1 content-boxes-clean-horizontal content-left content-boxes-icon-on-side\" data-animationOffset=\"100%\" style=\"margin-top:0px;margin-bottom:60px;\"><style type=\"text\/css\">.fusion-content-boxes-1 .heading .content-box-heading {color:#3b4251;}\n\t\t\t\t\t.fusion-content-boxes-1 .fusion-content-box-hover .link-area-link-icon-hover .heading .content-box-heading,\n\t\t\t\t\t.fusion-content-boxes-1 .fusion-content-box-hover .link-area-link-icon-hover .heading .heading-link .content-box-heading,\n\t\t\t\t\t.fusion-content-boxes-1 .fusion-content-box-hover .link-area-box-hover .heading .content-box-heading,\n\t\t\t\t\t.fusion-content-boxes-1 .fusion-content-box-hover .link-area-box-hover .heading .heading-link .content-box-heading,\n\t\t\t\t\t.fusion-content-boxes-1 .fusion-content-box-hover .link-area-link-icon-hover.link-area-box .fusion-read-more,\n\t\t\t\t\t.fusion-content-boxes-1 .fusion-content-box-hover .link-area-link-icon-hover.link-area-box .fusion-read-more::after,\n\t\t\t\t\t.fusion-content-boxes-1 .fusion-content-box-hover .link-area-link-icon-hover.link-area-box .fusion-read-more::before,\n\t\t\t\t\t.fusion-content-boxes-1 .fusion-content-box-hover .fusion-read-more:hover:after,\n\t\t\t\t\t.fusion-content-boxes-1 .fusion-content-box-hover .fusion-read-more:hover:before,\n\t\t\t\t\t.fusion-content-boxes-1 .fusion-content-box-hover .fusion-read-more:hover,\n\t\t\t\t\t.fusion-content-boxes-1 .fusion-content-box-hover .link-area-box-hover.link-area-box .fusion-read-more,\n\t\t\t\t\t.fusion-content-boxes-1 .fusion-content-box-hover .link-area-box-hover.link-area-box .fusion-read-more::after,\n\t\t\t\t\t.fusion-content-boxes-1 .fusion-content-box-hover .link-area-box-hover.link-area-box .fusion-read-more::before,\n\t\t\t\t\t.fusion-content-boxes-1 .fusion-content-box-hover .link-area-link-icon-hover .icon .circle-no,\n\t\t\t\t\t.fusion-content-boxes-1 .heading .heading-link:hover .content-box-heading {\n\t\t\t\t\t\tcolor: #ff9800;\n\t\t\t\t\t}\n\t\t\t\t\t.fusion-content-boxes-1 .fusion-content-box-hover .link-area-box-hover .icon .circle-no {\n\t\t\t\t\t\tcolor: #ff9800 !important;\n\t\t\t\t\t}.fusion-content-boxes-1 .fusion-content-box-hover .link-area-box.link-area-box-hover .fusion-content-box-button {background: #d6d6d6;color: #787878;background-image: -webkit-gradient( linear, left bottom, left top, from( #e8e8e8 ), to( #d6d6d6 ) );background-image: linear-gradient( to top, #e8e8e8, #d6d6d6 )}.fusion-content-boxes-1 .fusion-content-box-hover .link-area-box.link-area-box-hover .fusion-content-box-button .fusion-button-text {color: #787878;}\n\t\t\t\t\t.fusion-content-boxes-1 .fusion-content-box-hover .link-area-link-icon-hover .heading .icon > span {\n\t\t\t\t\t\tbackground-color: #ff9800 !important;\n\t\t\t\t\t}\n\t\t\t\t\t.fusion-content-boxes-1 .fusion-content-box-hover .link-area-box-hover .heading .icon > span {\n\t\t\t\t\t\tborder-color: #ff9800 !important;\n\t\t\t\t\t}<\/style><div style=\"border-color:rgba(255,255,255,0);\" class=\"fusion-column content-box-column content-box-column content-box-column-1 col-lg-12 col-md-12 col-sm-12 fusion-content-box-hover content-box-column-last content-box-column-last-in-row\"><div class=\"col content-box-wrapper content-wrapper link-area-box icon-hover-animation-slide\" style=\"background-color:rgba(255,255,255,0);\" data-animationOffset=\"100%\"><div class=\"heading heading-with-icon icon-left\"><div class=\"icon\"><i style=\"border-color:#333333;border-width:0px;background-color:#817ec3;box-sizing:content-box;height:120px;width:120px;line-height:120px;border-radius:50%;color:#ffffff;font-size:60px;\" class=\"fontawesome-icon fa-money-check fas circle-yes\"><\/i><\/div><h2 class=\"content-box-heading\" style=\"font-size:18px;line-height:23px;padding-left:140px;\">R\u00e9cup\u00e9rez les relev\u00e9s bancaires \u00e9lectroniques de vos clients et augmentez encore l\u2019efficacit\u00e9 de votre gestion comptable gr\u00e2ce \u00e0 CodaBox<\/h2><\/div><div class=\"fusion-clearfix\"><\/div><div class=\"content-container\" style=\"padding-left:140px;color:#747474;\">\n<p>Gr\u00e2ce \u00e0 la\u00a0prise en charge automatique de ce fichier, gagnez encore du temps et r\u00e9duisez les risques d\u2019erreur d\u2019encodage.<\/p>\n<p>De nombreuses fiduciaires ont adopt\u00e9 CodaBox avec leurs clients et <strong>gagnent un temps pr\u00e9cieux<\/strong> pour se concentrer sur des t\u00e2ches \u00e0 valeur ajout\u00e9e.<\/p>\n<h2>Pourquoi utiliser CodaBox avec Integral ?<\/h2>\n<ul>\n<li>Obtenir automatiquement des banques les fichiers CODA de vos clients, v\u00e9rifier leurs num\u00e9rotations ainsi que les soldes, int\u00e9grer leurs donn\u00e9es dans votre logiciel comptable.<\/li>\n<li>Gagner du temps sur l\u2019encodage, r\u00e9duire les erreurs et donc am\u00e9liorer votre productivit\u00e9.<\/li>\n<li>Fini les extraits manquants et le temps perdu avec les printscreens de vos clients.<\/li>\n<li>Un service s\u00e9curis\u00e9 et une prise en charge administrative compl\u00e8te.<\/li>\n<\/ul>\n<h2>Codabox, un service complet pour automatiser la gestion des extraits de comptes.<\/h2>\n<ul>\n<li>G\u00e9n\u00e9ration des mandats bancaires<\/li>\n<li>Validation des mandats par les banques<\/li>\n<li>Envoi des mandats aux propri\u00e9taires des comptes pour signature<\/li>\n<li>R\u00e9ception des mandats sign\u00e9s<\/li>\n<li>Traitement administratif aupr\u00e8s des banques<\/li>\n<li>R\u00e9ception des premiers CODA<\/li>\n<\/ul>\n<p>En pratique, CodaBox va d\u00e9poser les fichiers coda dans une arborescence sur le serveur ou un des postes de la fiduciaire. Votre version Integral fiduciaire permet en standard de r\u00e9cup\u00e9rer soit par import soit par glisser\/d\u00e9poser ces fichiers dans votre eDocuments.<\/p>\n<p>Pour une int\u00e9gration avanc\u00e9e avec CodaBox et des facilit\u00e9s pour l\u2019archivage de documents nous proposons en option eDocuments PRO.<\/p>\n<h2>eDocuments PRO, c\u2019est quoi ?<\/h2>\n<ul>\n<li>Collecteur CodaBox (100% automatique)<\/li>\n<li>Solution de scan multi-documents<\/li>\n<li>Classement des documents par type et par dossier<\/li>\n<li>Impression d\u2019\u00e9tiquettes avec codes QR<\/li>\n<li>Collecteur PDF par mail avec gestion des alias pour vos clients<\/li>\n<\/ul>\n<p>Ce module permet de collecter automatiquement 4 fois par jour les fichiers CODA sur le serveur de CodaBox et les attribue automatiquement au bon dossier. Plus aucune manipulation, plus aucun risque d\u2019erreur.<\/p>\n<p>Vous utilisez un syst\u00e8me multifonctions ? Gr\u00e2ce \u00e0 l\u2019impression d\u2019\u00e9tiquettes \u00abcodes QR\u00bb scannez en une seule fois tous les documents, ils seront automatiquement class\u00e9s. Votre client peut pr\u00e9parer ses documents avec les \u00e9tiquettes que vous lui aurez fournies et facilement vous envoyer les factures pour un classement automatique.<\/p>\n<p>L\u2019interface d\u2019eDocuments PRO vous permet de vous focaliser uniquement sur les documents et extraits du dossier en cours de travail (s\u00e9lection par dossier et par type).<\/p>\n<p><u>Parcourir les questions le plus fr\u00e9quentes au sujet de CodaBox :\u00a0<\/u><\/p>\n<p><a href=\"https:\/\/codabox.com\/fr\/codabox-business\/brochure\/\">Business Brochure &#8211; Codabox<\/a><\/p>\n<p><iframe loading=\"lazy\" src=\"https:\/\/www.youtube.com\/embed\/w8Gx72Uc3tQ\" width=\"800\" height=\"450\" frameborder=\"0\" allowfullscreen=\"allowfullscreen\"><\/iframe><\/p>\n<\/div><\/div><\/div><style type=\"text\/css\">\n\t\t\t\t\t\t.fusion-content-boxes-1 .fusion-content-box-hover .heading-link:hover .icon i.circle-yes,\n\t\t\t\t\t\t.fusion-content-boxes-1 .fusion-content-box-hover .link-area-box:hover .heading-link .icon i.circle-yes,\n\t\t\t\t\t\t.fusion-content-boxes-1 .fusion-content-box-hover .link-area-link-icon-hover .heading .icon i.circle-yes,\n\t\t\t\t\t\t.fusion-content-boxes-1 .fusion-content-box-hover .link-area-box-hover .heading .icon i.circle-yes {\n\t\t\t\t\t\t\tbackground-color: #ff9800 !important;\n\t\t\t\t\t\t\tborder-color: #ff9800 !important;\n\t\t\t\t\t\t}<\/style><div class=\"fusion-clearfix\"><\/div><\/div><div class=\"fusion-clearfix\"><\/div>\n\n\t\t\t\t\t<\/div>\n\t\t\t\t<\/div><\/div><\/div>\n","protected":false},"excerpt":{"rendered":"","protected":false},"author":4,"featured_media":0,"parent":0,"menu_order":0,"comment_status":"closed","ping_status":"closed","template":"","meta":{"_monsterinsights_skip_tracking":false,"_monsterinsights_sitenote_active":false,"_monsterinsights_sitenote_note":"","_monsterinsights_sitenote_category":0,"footnotes":""},"class_list":["post-274","page","type-page","status-publish","hentry"],"aioseo_notices":[],"_links":{"self":[{"href":"https:\/\/integral.software\/fr\/wp-json\/wp\/v2\/pages\/274","targetHints":{"allow":["GET"]}}],"collection":[{"href":"https:\/\/integral.software\/fr\/wp-json\/wp\/v2\/pages"}],"about":[{"href":"https:\/\/integral.software\/fr\/wp-json\/wp\/v2\/types\/page"}],"author":[{"embeddable":true,"href":"https:\/\/integral.software\/fr\/wp-json\/wp\/v2\/users\/4"}],"replies":[{"embeddable":true,"href":"https:\/\/integral.software\/fr\/wp-json\/wp\/v2\/comments?post=274"}],"version-history":[{"count":3,"href":"https:\/\/integral.software\/fr\/wp-json\/wp\/v2\/pages\/274\/revisions"}],"predecessor-version":[{"id":1199,"href":"https:\/\/integral.software\/fr\/wp-json\/wp\/v2\/pages\/274\/revisions\/1199"}],"wp:attachment":[{"href":"https:\/\/integral.software\/fr\/wp-json\/wp\/v2\/media?parent=274"}],"curies":[{"name":"wp","href":"https:\/\/api.w.org\/{rel}","templated":true}]}}