{"id":263,"date":"2019-11-30T19:08:03","date_gmt":"2019-11-30T18:08:03","guid":{"rendered":"https:\/\/www.integral.be\/?page_id=263"},"modified":"2020-09-07T10:19:17","modified_gmt":"2020-09-07T08:19:17","slug":"cloud-solution","status":"publish","type":"page","link":"https:\/\/integral.software\/fr\/cloud-solution\/","title":{"rendered":"Cloud Solution"},"content":{"rendered":"<div class=\"fusion-fullwidth fullwidth-box fusion-builder-row-1 nonhundred-percent-fullwidth non-hundred-percent-height-scrolling\"  style='background-color: rgba(255,255,255,0);background-position: center center;background-repeat: no-repeat;padding-top:0px;padding-right:0px;padding-bottom:0px;padding-left:0px;'><div class=\"fusion-builder-row fusion-row \"><div  class=\"fusion-layout-column fusion_builder_column fusion_builder_column_1_1 fusion-builder-column-1 fusion-one-full fusion-column-first fusion-column-last 1_1\"  style='margin-top:0px;margin-bottom:20px;'>\n\t\t\t\t\t<div class=\"fusion-column-wrapper\" style=\"padding: 0px 0px 0px 0px;background-position:left top;background-repeat:no-repeat;-webkit-background-size:cover;-moz-background-size:cover;-o-background-size:cover;background-size:cover;\"   data-bg-url=\"\">\n\t\t\t\t\t\t<div class=\"fusion-content-boxes content-boxes columns row fusion-columns-1 fusion-columns-total-1 fusion-content-boxes-1 content-boxes-clean-horizontal content-left content-boxes-icon-on-side\" data-animationOffset=\"100%\" style=\"margin-top:0px;margin-bottom:60px;\"><style type=\"text\/css\">.fusion-content-boxes-1 .heading .content-box-heading {color:#3b4251;}\n\t\t\t\t\t.fusion-content-boxes-1 .fusion-content-box-hover .link-area-link-icon-hover .heading .content-box-heading,\n\t\t\t\t\t.fusion-content-boxes-1 .fusion-content-box-hover .link-area-link-icon-hover .heading .heading-link .content-box-heading,\n\t\t\t\t\t.fusion-content-boxes-1 .fusion-content-box-hover .link-area-box-hover .heading .content-box-heading,\n\t\t\t\t\t.fusion-content-boxes-1 .fusion-content-box-hover .link-area-box-hover .heading .heading-link .content-box-heading,\n\t\t\t\t\t.fusion-content-boxes-1 .fusion-content-box-hover .link-area-link-icon-hover.link-area-box .fusion-read-more,\n\t\t\t\t\t.fusion-content-boxes-1 .fusion-content-box-hover .link-area-link-icon-hover.link-area-box .fusion-read-more::after,\n\t\t\t\t\t.fusion-content-boxes-1 .fusion-content-box-hover .link-area-link-icon-hover.link-area-box .fusion-read-more::before,\n\t\t\t\t\t.fusion-content-boxes-1 .fusion-content-box-hover .fusion-read-more:hover:after,\n\t\t\t\t\t.fusion-content-boxes-1 .fusion-content-box-hover .fusion-read-more:hover:before,\n\t\t\t\t\t.fusion-content-boxes-1 .fusion-content-box-hover .fusion-read-more:hover,\n\t\t\t\t\t.fusion-content-boxes-1 .fusion-content-box-hover .link-area-box-hover.link-area-box .fusion-read-more,\n\t\t\t\t\t.fusion-content-boxes-1 .fusion-content-box-hover .link-area-box-hover.link-area-box .fusion-read-more::after,\n\t\t\t\t\t.fusion-content-boxes-1 .fusion-content-box-hover .link-area-box-hover.link-area-box .fusion-read-more::before,\n\t\t\t\t\t.fusion-content-boxes-1 .fusion-content-box-hover .link-area-link-icon-hover .icon .circle-no,\n\t\t\t\t\t.fusion-content-boxes-1 .heading .heading-link:hover .content-box-heading {\n\t\t\t\t\t\tcolor: #ff9800;\n\t\t\t\t\t}\n\t\t\t\t\t.fusion-content-boxes-1 .fusion-content-box-hover .link-area-box-hover .icon .circle-no {\n\t\t\t\t\t\tcolor: #ff9800 !important;\n\t\t\t\t\t}.fusion-content-boxes-1 .fusion-content-box-hover .link-area-box.link-area-box-hover .fusion-content-box-button {background: #d6d6d6;color: #787878;background-image: -webkit-gradient( linear, left bottom, left top, from( #e8e8e8 ), to( #d6d6d6 ) );background-image: linear-gradient( to top, #e8e8e8, #d6d6d6 )}.fusion-content-boxes-1 .fusion-content-box-hover .link-area-box.link-area-box-hover .fusion-content-box-button .fusion-button-text {color: #787878;}\n\t\t\t\t\t.fusion-content-boxes-1 .fusion-content-box-hover .link-area-link-icon-hover .heading .icon > span {\n\t\t\t\t\t\tbackground-color: #ff9800 !important;\n\t\t\t\t\t}\n\t\t\t\t\t.fusion-content-boxes-1 .fusion-content-box-hover .link-area-box-hover .heading .icon > span {\n\t\t\t\t\t\tborder-color: #ff9800 !important;\n\t\t\t\t\t}<\/style><div style=\"border-color:rgba(255,255,255,0);\" class=\"fusion-column content-box-column content-box-column content-box-column-1 col-lg-12 col-md-12 col-sm-12 fusion-content-box-hover content-box-column-last content-box-column-last-in-row\"><div class=\"col content-box-wrapper content-wrapper link-area-box icon-hover-animation-slide\" style=\"background-color:rgba(255,255,255,0);\" data-animationOffset=\"100%\"><div class=\"heading heading-with-icon icon-left\"><div class=\"icon\"><i style=\"border-color:#333333;border-width:0px;background-color:#817ec3;box-sizing:content-box;height:120px;width:120px;line-height:120px;border-radius:50%;color:#ffffff;font-size:60px;\" class=\"fontawesome-icon fa-cloud fas circle-yes\"><\/i><\/div><h2 class=\"content-box-heading\" style=\"font-size:18px;line-height:23px;padding-left:140px;\">Cloud computing, vos donn\u00e9es comptables h\u00e9berg\u00e9es en toute s\u00e9curit\u00e9<\/h2><\/div><div class=\"fusion-clearfix\"><\/div><div class=\"content-container\" style=\"padding-left:140px;color:#747474;\">\n<p>Que vous soyez une\u00a0<strong>petite ou une grande structure<\/strong>, vous pourriez \u00eatre int\u00e9ress\u00e9 par la\u00a0<strong>formule h\u00e9berg\u00e9e<\/strong>\u00a0de notre solution de gestion. Plus besoin de vous pr\u00e9occuper de votre infrastructure IT et de sa maintenance. Nos \u00e9quipes techniques, en collaboration avec un\u00a0<strong>h\u00e9bergeur professionnel<\/strong>, s&rsquo;assurent que vous disposiez de la puissance et de la place n\u00e9cessaire au traitement de vos donn\u00e9es.<\/p>\n<h3>Augmentez votre productivit\u00e9<\/h3>\n<p>Ne plus devoir se soucier de la gestion de son infrastructure IT lib\u00e8re votre esprit et votre temps. Vous pouvez vous concentrer davantage sur votre Core Business. L&rsquo;<strong>accessibilit\u00e9 accrue<\/strong>\u00a0de vos donn\u00e9es, partout dans le monde, permet \u00e0 vos collaborateurs, notamment ceux qui se d\u00e9placent \u00e0 l&rsquo;ext\u00e9rieur, de disposer de <strong>donn\u00e9es fiables et up-to-date.<\/strong><\/p>\n<h3>Collaborer plus efficacement<\/h3>\n<p>Une seule plateforme pour accueillir et traiter vos donn\u00e9es de gestion.\u00a0<strong>Multi-entreprise, multi l\u00e9gislation, multi-utilisateur<\/strong>, l&rsquo;offre d&rsquo;h\u00e9bergement facilite la collaboration entre vos diff\u00e9rentes filiales et vos collaborateurs.<\/p>\n<h3>Faciliter le travail du professionnel comptable<\/h3>\n<p>Gr\u00e2ce \u00e0 l&rsquo;<strong>acc\u00e8s \u00e0 distance\u00a0<\/strong>que procure l&rsquo;offre h\u00e9berg\u00e9e, le professionnel du chiffre en charge de votre gestion comptable peut acc\u00e9der depuis son bureau \u00e0 votre base de donn\u00e9es et\u00a0<strong>travailler depuis l&rsquo;ext\u00e9rieur en toute s\u00e9curit\u00e9.<\/strong><\/p>\n<h3>S\u00e9curiser vos donn\u00e9es<\/h3>\n<p>Nous travaillons avec les meilleurs op\u00e9rateurs et data centers du march\u00e9 de classe internationale.\u00a0Une sauvegarde de vos donn\u00e9es est assur\u00e9e et les SLA (<strong>Service Level Agreement<\/strong>) que nous avons conclus avec eux vous pr\u00e9munissent de tout probl\u00e8me ou interruption de service.<\/p>\n<h3>Restez libre<\/h3>\n<p>H\u00e9bergement ne veut pas dire \u00ab\u00a0emprisonnement\u00a0\u00bb. Si vous d\u00e9cidiez de quitter Integral, vous pouvez\u00a0<strong>extraire vos bases de donn\u00e9es sans contrainte<\/strong>\u00a0ni restriction.<\/p>\n<\/div><\/div><\/div><style type=\"text\/css\">\n\t\t\t\t\t\t.fusion-content-boxes-1 .fusion-content-box-hover .heading-link:hover .icon i.circle-yes,\n\t\t\t\t\t\t.fusion-content-boxes-1 .fusion-content-box-hover .link-area-box:hover .heading-link .icon i.circle-yes,\n\t\t\t\t\t\t.fusion-content-boxes-1 .fusion-content-box-hover .link-area-link-icon-hover .heading .icon i.circle-yes,\n\t\t\t\t\t\t.fusion-content-boxes-1 .fusion-content-box-hover .link-area-box-hover .heading .icon i.circle-yes {\n\t\t\t\t\t\t\tbackground-color: #ff9800 !important;\n\t\t\t\t\t\t\tborder-color: #ff9800 !important;\n\t\t\t\t\t\t}<\/style><div class=\"fusion-clearfix\"><\/div><\/div><div class=\"fusion-clearfix\"><\/div>\n\n\t\t\t\t\t<\/div>\n\t\t\t\t<\/div><\/div><\/div>\n","protected":false},"excerpt":{"rendered":"","protected":false},"author":4,"featured_media":0,"parent":0,"menu_order":0,"comment_status":"closed","ping_status":"closed","template":"","meta":{"_monsterinsights_skip_tracking":false,"_monsterinsights_sitenote_active":false,"_monsterinsights_sitenote_note":"","_monsterinsights_sitenote_category":0,"footnotes":""},"class_list":["post-263","page","type-page","status-publish","hentry"],"aioseo_notices":[],"_links":{"self":[{"href":"https:\/\/integral.software\/fr\/wp-json\/wp\/v2\/pages\/263","targetHints":{"allow":["GET"]}}],"collection":[{"href":"https:\/\/integral.software\/fr\/wp-json\/wp\/v2\/pages"}],"about":[{"href":"https:\/\/integral.software\/fr\/wp-json\/wp\/v2\/types\/page"}],"author":[{"embeddable":true,"href":"https:\/\/integral.software\/fr\/wp-json\/wp\/v2\/users\/4"}],"replies":[{"embeddable":true,"href":"https:\/\/integral.software\/fr\/wp-json\/wp\/v2\/comments?post=263"}],"version-history":[{"count":3,"href":"https:\/\/integral.software\/fr\/wp-json\/wp\/v2\/pages\/263\/revisions"}],"predecessor-version":[{"id":903,"href":"https:\/\/integral.software\/fr\/wp-json\/wp\/v2\/pages\/263\/revisions\/903"}],"wp:attachment":[{"href":"https:\/\/integral.software\/fr\/wp-json\/wp\/v2\/media?parent=263"}],"curies":[{"name":"wp","href":"https:\/\/api.w.org\/{rel}","templated":true}]}}