{"id":212,"date":"2019-11-30T16:23:46","date_gmt":"2019-11-30T16:23:46","guid":{"rendered":"https:\/\/www.integral.be\/?page_id=212"},"modified":"2019-11-30T16:29:50","modified_gmt":"2019-11-30T16:29:50","slug":"faq","status":"publish","type":"page","link":"https:\/\/integral.software\/fr\/faq\/","title":{"rendered":"FAQ"},"content":{"rendered":"<p><div class=\"fusion-fullwidth fullwidth-box fusion-builder-row-1 nonhundred-percent-fullwidth non-hundred-percent-height-scrolling\"  style='background-color: rgba(255,255,255,0);background-position: center center;background-repeat: no-repeat;padding-top:0px;padding-right:0px;padding-bottom:0px;padding-left:0px;'><div class=\"fusion-builder-row fusion-row \"><div  class=\"fusion-layout-column fusion_builder_column fusion_builder_column_1_1 fusion-builder-column-1 fusion-one-full fusion-column-first fusion-column-last 1_1\"  style='margin-top:0px;margin-bottom:20px;'>\n\t\t\t\t\t<div class=\"fusion-column-wrapper\" style=\"padding: 0px 0px 0px 0px;background-position:left top;background-repeat:no-repeat;-webkit-background-size:cover;-moz-background-size:cover;-o-background-size:cover;background-size:cover;\"   data-bg-url=\"\">\n\t\t\t\t\t\t<div class=\"fusion-text\"><h2 style=\"text-align: left;\">Pourquoi le logiciel de gestion Integral est-il particuli\u00e8rement recommand\u00e9 pour vous ?<\/h2>\n<p>Nous avons regroup\u00e9 les questions que vous vous posez le plus souvent, lorsqu&rsquo;il s&rsquo;agit de choisir un logiciel de gestion.<\/p>\n<p>Si vous ne trouvez pas les r\u00e9ponses \u00e0 vos questions, n&rsquo;h\u00e9sitez pas \u00e0 <a href=\"mailto:help@integral.be?subject=Demande%20d'information\">prendre contact avec nos conseillers<\/a>. Leur exp\u00e9rience, tous m\u00e9tiers et tous secteurs confondus, vous sera d&rsquo;une aide tr\u00e8s pr\u00e9cieuse pour appr\u00e9cier les qualit\u00e9s de notre logiciel.<\/p>\n<p><img loading=\"lazy\" decoding=\"async\" class=\"aligncenter size-large wp-image-213\" src=\"https:\/\/www.integral.be\/wp-content\/uploads\/2019\/11\/faq-progiciel-gestion-1024x440.jpg\" alt=\"faq-progiciel gestion\" width=\"1024\" height=\"440\" srcset=\"https:\/\/integral.software\/wp-content\/uploads\/2019\/11\/faq-progiciel-gestion-200x86.jpg 200w, https:\/\/integral.software\/wp-content\/uploads\/2019\/11\/faq-progiciel-gestion-300x129.jpg 300w, https:\/\/integral.software\/wp-content\/uploads\/2019\/11\/faq-progiciel-gestion-400x172.jpg 400w, https:\/\/integral.software\/wp-content\/uploads\/2019\/11\/faq-progiciel-gestion-600x258.jpg 600w, https:\/\/integral.software\/wp-content\/uploads\/2019\/11\/faq-progiciel-gestion-768x330.jpg 768w, https:\/\/integral.software\/wp-content\/uploads\/2019\/11\/faq-progiciel-gestion-800x344.jpg 800w, https:\/\/integral.software\/wp-content\/uploads\/2019\/11\/faq-progiciel-gestion-1024x440.jpg 1024w, https:\/\/integral.software\/wp-content\/uploads\/2019\/11\/faq-progiciel-gestion-1200x516.jpg 1200w, https:\/\/integral.software\/wp-content\/uploads\/2019\/11\/faq-progiciel-gestion-1536x660.jpg 1536w, https:\/\/integral.software\/wp-content\/uploads\/2019\/11\/faq-progiciel-gestion.jpg 2000w\" sizes=\"auto, (max-width: 1024px) 100vw, 1024px\" \/><\/p>\n<\/div><div class=\"fusion-clearfix\"><\/div>\n\n\t\t\t\t\t<\/div>\n\t\t\t\t<\/div><\/div><\/div><div class=\"fusion-fullwidth fullwidth-box fusion-builder-row-2 nonhundred-percent-fullwidth non-hundred-percent-height-scrolling\"  style='background-color: rgba(255,255,255,0);background-position: center center;background-repeat: no-repeat;padding-top:0px;padding-right:60px;padding-bottom:0px;padding-left:60px;'><div class=\"fusion-builder-row fusion-row \"><div  class=\"fusion-layout-column fusion_builder_column fusion_builder_column_1_1 fusion-builder-column-2 fusion-one-full fusion-column-first fusion-column-last 1_1\"  style='margin-top:0px;margin-bottom:20px;'>\n\t\t\t\t\t<div class=\"fusion-column-wrapper\" style=\"padding: 0px 0px 0px 0px;background-position:left top;background-repeat:no-repeat;-webkit-background-size:cover;-moz-background-size:cover;-o-background-size:cover;background-size:cover;\"   data-bg-url=\"\">\n\t\t\t\t\t\t<style type=\"text\/css\">.fusion-accordian  #accordion-212-1 .panel-title a .fa-fusion-box{ color: #ffffff;}.fusion-accordian  #accordion-212-1 .panel-title a .fa-fusion-box:before{ font-size: 13px; width: 13px;}.fusion-accordian  #accordion-212-1 .panel-title a{font-size:14px;}.fusion-accordian  #accordion-212-1 .fa-fusion-box { background-color: #333333;border-color: #333333;}.fusion-accordian  #accordion-212-1 .panel-title a:hover, #accordion-212-1 .fusion-toggle-boxed-mode:hover .panel-title a { color: #9e9e9e;}.fusion-accordian  #accordion-212-1 .panel-title .active .fa-fusion-box,.fusion-accordian  #accordion-212-1 .panel-title a:hover .fa-fusion-box { background-color: #9e9e9e!important;border-color: #9e9e9e!important;}<\/style><div class=\"accordian fusion-accordian\"><div class=\"panel-group\" id=\"accordion-212-1\" role=\"tablist\"><div class=\"fusion-panel panel-default\" role=\"tabpanel\"><div class=\"panel-heading\"><h4 class=\"panel-title toggle\"><a aria-expanded=\"false\" aria-selected=\"false\" aria-controls=\"cd9ccd56b30c695da\" role=\"tab\" data-toggle=\"collapse\" data-parent=\"#accordion-212-1\" data-target=\"#cd9ccd56b30c695da\" href=\"#cd9ccd56b30c695da\"><span class=\"fusion-toggle-icon-wrapper\" aria-hidden=\"true\"><i class=\"fa-fusion-box\"><\/i><\/span><span class=\"fusion-toggle-heading\"> Nous devons g\u00e9rer plus de 10.000 clients et plus de 30.000 articles quelle version correspondrait \u00e0 cet usage, et cela n\u00e9cessite t'il un serveur ou une base de donn\u00e9es en particulier ? <\/span><\/a><\/h4><\/div><div id=\"cd9ccd56b30c695da\" class=\"panel-collapse collapse \"><div class=\"panel-body toggle-content fusion-clearfix\">\n<p>Cela ne n\u00e9cessite ni serveur particulier, ni base de donn\u00e9es sp\u00e9cifique ni version appropri\u00e9e : le volume d&rsquo;information que vous pourrez accumuler ne d\u00e9pend que du volume de disque dur \u00e0 votre disposition, si vous privil\u00e9giez une installation locale. Cette contrainte technique mineure dispara\u00eet compl\u00e8tement si votre solution est h\u00e9berg\u00e9e chez nous.<\/p>\n<\/div><\/div><\/div><div class=\"fusion-panel panel-default\" role=\"tabpanel\"><div class=\"panel-heading\"><h4 class=\"panel-title toggle\"><a aria-expanded=\"false\" aria-selected=\"false\" aria-controls=\"20ebda85ced6f15b7\" role=\"tab\" data-toggle=\"collapse\" data-parent=\"#accordion-212-1\" data-target=\"#20ebda85ced6f15b7\" href=\"#20ebda85ced6f15b7\"><span class=\"fusion-toggle-icon-wrapper\" aria-hidden=\"true\"><i class=\"fa-fusion-box\"><\/i><\/span><span class=\"fusion-toggle-heading\">La gestion partag\u00e9e d'agenda et le chat sont-elles des options payantes ? <\/span><\/a><\/h4><\/div><div id=\"20ebda85ced6f15b7\" class=\"panel-collapse collapse \"><div class=\"panel-body toggle-content fusion-clearfix\">\n<p>Le Chat est int\u00e9gr\u00e9 \u00e0 toutes nos versions gratuitement. La gestion des agendas partag\u00e9s fait partie de notre module Relations, qui lui est effectivement disponible contre une mensualit\u00e9 allant de 30 \u00e0 50 \u20ac htva\/mois en fonction de l&rsquo;\u00e9dition logicielle utilis\u00e9e.<\/p>\n<\/div><\/div><\/div><div class=\"fusion-panel panel-default\" role=\"tabpanel\"><div class=\"panel-heading\"><h4 class=\"panel-title toggle\"><a aria-expanded=\"false\" aria-selected=\"false\" aria-controls=\"335189e0074c94f19\" role=\"tab\" data-toggle=\"collapse\" data-parent=\"#accordion-212-1\" data-target=\"#335189e0074c94f19\" href=\"#335189e0074c94f19\"><span class=\"fusion-toggle-icon-wrapper\" aria-hidden=\"true\"><i class=\"fa-fusion-box\"><\/i><\/span><span class=\"fusion-toggle-heading\">Les extraits bancaires sont-ils g\u00e9r\u00e9s automatiquement ? <\/span><\/a><\/h4><\/div><div id=\"335189e0074c94f19\" class=\"panel-collapse collapse \"><div class=\"panel-body toggle-content fusion-clearfix\">\n<p>A partir de l&rsquo;\u00e9dition Corporate, vous pouvez g\u00e9n\u00e9rer les paiements \u00e9lectroniques des fournisseurs \u00e0 destination d&rsquo;un Netbanking qui le permet, ou vers Isabel. A partir de l&rsquo;\u00e9dition Advanced, vous pouvez en plus importer vos extraits bancaires si ces derniers sont au format num\u00e9rique CODA 2.0.<\/p>\n<\/div><\/div><\/div><div class=\"fusion-panel panel-default\" role=\"tabpanel\"><div class=\"panel-heading\"><h4 class=\"panel-title toggle\"><a aria-expanded=\"false\" aria-selected=\"false\" aria-controls=\"814be214a85fe2345\" role=\"tab\" data-toggle=\"collapse\" data-parent=\"#accordion-212-1\" data-target=\"#814be214a85fe2345\" href=\"#814be214a85fe2345\"><span class=\"fusion-toggle-icon-wrapper\" aria-hidden=\"true\"><i class=\"fa-fusion-box\"><\/i><\/span><span class=\"fusion-toggle-heading\">En quoi l'offre pour professionnels comptables est-elle diff\u00e9rente ? <\/span><\/a><\/h4><\/div><div id=\"814be214a85fe2345\" class=\"panel-collapse collapse \"><div class=\"panel-body toggle-content fusion-clearfix\">\n<p>En dehors de la tarification, la version \u00ab Fiduciaire \u00bb dispose d&rsquo;une fonction particuli\u00e8re appel\u00e9e \u00ab Acc\u00e8s mandat\u00e9 \u00bb, qui permet au comptable utilisateur de Integral de se connecter \u00e0 l&rsquo;h\u00e9bergement d&rsquo;un de ses clients, aussi r\u00e9duite soit la version que ce dernier a choisie, tout en conservant la totalit\u00e9 des outils comptables.<br \/>\nEn outre, la version Fiduciaire inclut la possibilit\u00e9 d&rsquo;archiver tout fichier scann\u00e9 avec une pi\u00e8ce comptable, ainsi qu&rsquo;une gestion de facturation p\u00e9riodique des contrats.<\/p>\n<\/div><\/div><\/div><div class=\"fusion-panel panel-default\" role=\"tabpanel\"><div class=\"panel-heading\"><h4 class=\"panel-title toggle\"><a aria-expanded=\"false\" aria-selected=\"false\" aria-controls=\"8b14a79e3533ecbb3\" role=\"tab\" data-toggle=\"collapse\" data-parent=\"#accordion-212-1\" data-target=\"#8b14a79e3533ecbb3\" href=\"#8b14a79e3533ecbb3\"><span class=\"fusion-toggle-icon-wrapper\" aria-hidden=\"true\"><i class=\"fa-fusion-box\"><\/i><\/span><span class=\"fusion-toggle-heading\">Est-il possible de r\u00e9aliser des analyses financi\u00e8res avec Integral ? <\/span><\/a><\/h4><\/div><div id=\"8b14a79e3533ecbb3\" class=\"panel-collapse collapse \"><div class=\"panel-body toggle-content fusion-clearfix\">\n<p>Bien entendu. Ces fonctionnalit\u00e9s tels que la balance \u00e2g\u00e9e ou le tableau de bord apparaissent d\u00e8s l&rsquo;\u00e9dition Corporate.<\/p>\n<\/div><\/div><\/div><div class=\"fusion-panel panel-default\" role=\"tabpanel\"><div class=\"panel-heading\"><h4 class=\"panel-title toggle\"><a aria-expanded=\"false\" aria-selected=\"false\" aria-controls=\"49efb60ac59c736f5\" role=\"tab\" data-toggle=\"collapse\" data-parent=\"#accordion-212-1\" data-target=\"#49efb60ac59c736f5\" href=\"#49efb60ac59c736f5\"><span class=\"fusion-toggle-icon-wrapper\" aria-hidden=\"true\"><i class=\"fa-fusion-box\"><\/i><\/span><span class=\"fusion-toggle-heading\">En tant qu'expert-comptable, puis-je g\u00e9rer mes dossiers clients \u00e0 distance ? <\/span><\/a><\/h4><\/div><div id=\"49efb60ac59c736f5\" class=\"panel-collapse collapse \"><div class=\"panel-body toggle-content fusion-clearfix\">\n<p>Oui, la m\u00e9thode la plus simple \u00e9tant de recourir \u00e0 notre solution h\u00e9berg\u00e9e. Vous rendez ainsi vos donn\u00e9es disponibles \u00e0 tout collaborateur, qui dispose d&rsquo;Internet, sans aucune contrainte g\u00e9ographique.<\/p>\n<\/div><\/div><\/div><div class=\"fusion-panel panel-default\" role=\"tabpanel\"><div class=\"panel-heading\"><h4 class=\"panel-title toggle\"><a aria-expanded=\"false\" aria-selected=\"false\" aria-controls=\"d6e53e882d177421c\" role=\"tab\" data-toggle=\"collapse\" data-parent=\"#accordion-212-1\" data-target=\"#d6e53e882d177421c\" href=\"#d6e53e882d177421c\"><span class=\"fusion-toggle-icon-wrapper\" aria-hidden=\"true\"><i class=\"fa-fusion-box\"><\/i><\/span><span class=\"fusion-toggle-heading\">Integral dispose-t-il d'un module de suivi des prestations ? <\/span><\/a><\/h4><\/div><div id=\"d6e53e882d177421c\" class=\"panel-collapse collapse \"><div class=\"panel-body toggle-content fusion-clearfix\">\n<div class=\"views-field views-field-body\">\n<div class=\"field-content\">\n<p>Oui. Nous proposons pour cela notre module optionnel Relations dans lequel tout utilisateur peut venir enregistrer l&rsquo;objet de son travail ou de ses prestations, que tout administrateur sera libre de consulter.<\/p>\n<\/div>\n<\/div>\n<\/div><\/div><\/div><div class=\"fusion-panel panel-default\" role=\"tabpanel\"><div class=\"panel-heading\"><h4 class=\"panel-title toggle\"><a aria-expanded=\"false\" aria-selected=\"false\" aria-controls=\"68a5be7a978e59256\" role=\"tab\" data-toggle=\"collapse\" data-parent=\"#accordion-212-1\" data-target=\"#68a5be7a978e59256\" href=\"#68a5be7a978e59256\"><span class=\"fusion-toggle-icon-wrapper\" aria-hidden=\"true\"><i class=\"fa-fusion-box\"><\/i><\/span><span class=\"fusion-toggle-heading\">Puis-je utiliser des lecteurs de barre-codes avec Integral ? <\/span><\/a><\/h4><\/div><div id=\"68a5be7a978e59256\" class=\"panel-collapse collapse \"><div class=\"panel-body toggle-content fusion-clearfix\">\n<p>Bien s\u00fbr. D\u00e8s la plus petite \u00e9dition du logiciel, vous pouvez utiliser un lecteur barcode connect\u00e9 \u00e0 votre ordinateur, en usb ou sur le port clavier. Au-del\u00e0 de cela, nous proposons \u00e9galement une option permettant l&rsquo;utilisation de lecteurs barcodes itin\u00e9rants.<\/p>\n<\/div><\/div><\/div><div class=\"fusion-panel panel-default\" role=\"tabpanel\"><div class=\"panel-heading\"><h4 class=\"panel-title toggle\"><a aria-expanded=\"false\" aria-selected=\"false\" aria-controls=\"b6a0a110231eeacc9\" role=\"tab\" data-toggle=\"collapse\" data-parent=\"#accordion-212-1\" data-target=\"#b6a0a110231eeacc9\" href=\"#b6a0a110231eeacc9\"><span class=\"fusion-toggle-icon-wrapper\" aria-hidden=\"true\"><i class=\"fa-fusion-box\"><\/i><\/span><span class=\"fusion-toggle-heading\">J'entends parler de Cloud Computing. Integral est-il bas\u00e9 sur ce mod\u00e8le ? <\/span><\/a><\/h4><\/div><div id=\"b6a0a110231eeacc9\" class=\"panel-collapse collapse \"><div class=\"panel-body toggle-content fusion-clearfix\">\n<p>Oui, pour sa solution h\u00e9berg\u00e9e. Integral est d&rsquo;ailleurs un pr\u00e9curseur en la mati\u00e8re, car nous pratiquions ces fonctionnalit\u00e9s de stockage et d&rsquo;acc\u00e8s \u00e0 distance bien avant que les grandes enseignes num\u00e9riques ne proposent ce genre de solution.<\/p>\n<\/div><\/div><\/div><div class=\"fusion-panel panel-default\" role=\"tabpanel\"><div class=\"panel-heading\"><h4 class=\"panel-title toggle\"><a aria-expanded=\"false\" aria-selected=\"false\" aria-controls=\"42a901a068377372d\" role=\"tab\" data-toggle=\"collapse\" data-parent=\"#accordion-212-1\" data-target=\"#42a901a068377372d\" href=\"#42a901a068377372d\"><span class=\"fusion-toggle-icon-wrapper\" aria-hidden=\"true\"><i class=\"fa-fusion-box\"><\/i><\/span><span class=\"fusion-toggle-heading\">La gestion de mes stocks est au coeur de mon activit\u00e9. Integral peut-il m'aider ? <\/span><\/a><\/h4><\/div><div id=\"42a901a068377372d\" class=\"panel-collapse collapse \"><div class=\"panel-body toggle-content fusion-clearfix\">\n<div class=\"views-field views-field-body\">\n<div class=\"field-content\">\n<p>Oui. Apr\u00e8s l&rsquo;encodage de votre inventaire initial (import\u00e9 pourquoi pas au moyen d&rsquo;un fichier .xls), chaque mouvement logique (facture de vente, note d&rsquo;envoi, bon de r\u00e9ception) a un impact sur votre gestion de stock, de sorte que vous puissiez contr\u00f4ler vos flux de marchandises \u00e0 tout moment.<\/p>\n<\/div>\n<\/div>\n<\/div><\/div><\/div><div class=\"fusion-panel panel-default\" role=\"tabpanel\"><div class=\"panel-heading\"><h4 class=\"panel-title toggle\"><a aria-expanded=\"false\" aria-selected=\"false\" aria-controls=\"a60f64870277c29a2\" role=\"tab\" data-toggle=\"collapse\" data-parent=\"#accordion-212-1\" data-target=\"#a60f64870277c29a2\" href=\"#a60f64870277c29a2\"><span class=\"fusion-toggle-icon-wrapper\" aria-hidden=\"true\"><i class=\"fa-fusion-box\"><\/i><\/span><span class=\"fusion-toggle-heading\">La maintenance et les upgrades sont-ils inclus dans mes frais d'utilisation ? <\/span><\/a><\/h4><\/div><div id=\"a60f64870277c29a2\" class=\"panel-collapse collapse \"><div class=\"panel-body toggle-content fusion-clearfix\">\n<p>Oui, le contrat d&rsquo;abonnement inclut toutes les mises \u00e0 jour\/niveau du logiciel. Vous disposerez toujours des derni\u00e8res \u00e9volutions disponibles.<\/p>\n<\/div><\/div><\/div><div class=\"fusion-panel panel-default\" role=\"tabpanel\"><div class=\"panel-heading\"><h4 class=\"panel-title toggle\"><a aria-expanded=\"false\" aria-selected=\"false\" aria-controls=\"620d65271fa1d8338\" role=\"tab\" data-toggle=\"collapse\" data-parent=\"#accordion-212-1\" data-target=\"#620d65271fa1d8338\" href=\"#620d65271fa1d8338\"><span class=\"fusion-toggle-icon-wrapper\" aria-hidden=\"true\"><i class=\"fa-fusion-box\"><\/i><\/span><span class=\"fusion-toggle-heading\">Dois-je investir une somme importante en licence alors que je d\u00e9bute mon activit\u00e9 ? <\/span><\/a><\/h4><\/div><div id=\"620d65271fa1d8338\" class=\"panel-collapse collapse \"><div class=\"panel-body toggle-content fusion-clearfix\">\n<p>S\u00fbrement pas, c&rsquo;est d&rsquo;ailleurs un des objectifs que nous nous sommes fix\u00e9s en proposant le logiciel dans le cadre d&rsquo;un contrat d&rsquo;abonnement : vous d\u00e9marrez avec une mensualit\u00e9 fixe, factur\u00e9e trimestriellement, sans apport de d\u00e9part. Notre offre d\u00e9bute \u00e0 30,00 \u20ac htva\/mois.<\/p>\n<\/div><\/div><\/div><div class=\"fusion-panel panel-default\" role=\"tabpanel\"><div class=\"panel-heading\"><h4 class=\"panel-title toggle\"><a aria-expanded=\"false\" aria-selected=\"false\" aria-controls=\"40f3927534f812126\" role=\"tab\" data-toggle=\"collapse\" data-parent=\"#accordion-212-1\" data-target=\"#40f3927534f812126\" href=\"#40f3927534f812126\"><span class=\"fusion-toggle-icon-wrapper\" aria-hidden=\"true\"><i class=\"fa-fusion-box\"><\/i><\/span><span class=\"fusion-toggle-heading\">Si mon activit\u00e9 se d\u00e9veloppe, Integral pourra-t-il m'offrir plus de fonctionnalit\u00e9s ? <\/span><\/a><\/h4><\/div><div id=\"40f3927534f812126\" class=\"panel-collapse collapse \"><div class=\"panel-body toggle-content fusion-clearfix\">\n<p>Bien entendu. Chaque dossier\/soci\u00e9t\u00e9 peut \u00e9voluer vers l&rsquo;\u00e9dition sup\u00e9rieure du logiciel et profiter des fonctionnalit\u00e9s nouvelles, sans n\u00e9cessit\u00e9 de r\u00e9installer le programme ou de modifier votre environnement.<\/p>\n<\/div><\/div><\/div><div class=\"fusion-panel panel-default\" role=\"tabpanel\"><div class=\"panel-heading\"><h4 class=\"panel-title toggle\"><a aria-expanded=\"false\" aria-selected=\"false\" aria-controls=\"89dd86dc0571f0ed7\" role=\"tab\" data-toggle=\"collapse\" data-parent=\"#accordion-212-1\" data-target=\"#89dd86dc0571f0ed7\" href=\"#89dd86dc0571f0ed7\"><span class=\"fusion-toggle-icon-wrapper\" aria-hidden=\"true\"><i class=\"fa-fusion-box\"><\/i><\/span><span class=\"fusion-toggle-heading\">Je ne d\u00e9sire pas investir en infrastructure informatique. Disposez-vous d'une offre d'h\u00e9bergement ? <\/span><\/a><\/h4><\/div><div id=\"89dd86dc0571f0ed7\" class=\"panel-collapse collapse \"><div class=\"panel-body toggle-content fusion-clearfix\">\n<p>Tout \u00e0 fait. Vous devez alors simplement disposer d&rsquo;un ordinateur, aussi basique soit-il, \u00e9quip\u00e9 d&rsquo;une connexion Internet l\u00e9g\u00e8re (adsl).<\/p>\n<\/div><\/div><\/div><div class=\"fusion-panel panel-default\" role=\"tabpanel\"><div class=\"panel-heading\"><h4 class=\"panel-title toggle\"><a aria-expanded=\"false\" aria-selected=\"false\" aria-controls=\"1be1ee46ebdd422a7\" role=\"tab\" data-toggle=\"collapse\" data-parent=\"#accordion-212-1\" data-target=\"#1be1ee46ebdd422a7\" href=\"#1be1ee46ebdd422a7\"><span class=\"fusion-toggle-icon-wrapper\" aria-hidden=\"true\"><i class=\"fa-fusion-box\"><\/i><\/span><span class=\"fusion-toggle-heading\">En tant que commer\u00e7ant, quelle version me conviendrait le mieux ? <\/span><\/a><\/h4><\/div><div id=\"1be1ee46ebdd422a7\" class=\"panel-collapse collapse \"><div class=\"panel-body toggle-content fusion-clearfix\">\n<p>Pour les ind\u00e9pendants et personnes physiques, nous recommandons l&rsquo;\u00e9dition Personal. Pour les soci\u00e9t\u00e9s, o\u00f9 les besoins de gestion sont plus importants, nous recommandons l&rsquo;\u00e9dition Corporate.<\/p>\n<\/div><\/div><\/div><div class=\"fusion-panel panel-default\" role=\"tabpanel\"><div class=\"panel-heading\"><h4 class=\"panel-title toggle\"><a aria-expanded=\"false\" aria-selected=\"false\" aria-controls=\"620a21cc6bdfdddbf\" role=\"tab\" data-toggle=\"collapse\" data-parent=\"#accordion-212-1\" data-target=\"#620a21cc6bdfdddbf\" href=\"#620a21cc6bdfdddbf\"><span class=\"fusion-toggle-icon-wrapper\" aria-hidden=\"true\"><i class=\"fa-fusion-box\"><\/i><\/span><span class=\"fusion-toggle-heading\">Ma facturation est importante, Integral est-il capable de supporter une charge \u00e9lev\u00e9e ? <\/span><\/a><\/h4><\/div><div id=\"620a21cc6bdfdddbf\" class=\"panel-collapse collapse \"><div class=\"panel-body toggle-content fusion-clearfix\">\n<p>Oui, sans aucune crainte. Les chiffres suivants parleront d&rsquo;eux-m\u00eames, pour les factures de vente, d\u00e8s la plus petite \u00e9dition du logiciel, vous avez 99 journaux disponibles pouvant chacun contenir 999999 documents.<\/p>\n<\/div><\/div><\/div><div class=\"fusion-panel panel-default\" role=\"tabpanel\"><div class=\"panel-heading\"><h4 class=\"panel-title toggle\"><a aria-expanded=\"false\" aria-selected=\"false\" aria-controls=\"ec7ae72f060ee5fb7\" role=\"tab\" data-toggle=\"collapse\" data-parent=\"#accordion-212-1\" data-target=\"#ec7ae72f060ee5fb7\" href=\"#ec7ae72f060ee5fb7\"><span class=\"fusion-toggle-icon-wrapper\" aria-hidden=\"true\"><i class=\"fa-fusion-box\"><\/i><\/span><span class=\"fusion-toggle-heading\">Mon comptable peut-il acc\u00e9der \u00e0 mes donn\u00e9es ? <\/span><\/a><\/h4><\/div><div id=\"ec7ae72f060ee5fb7\" class=\"panel-collapse collapse \"><div class=\"panel-body toggle-content fusion-clearfix\">\n<p>Oui, la m\u00e9thode la plus simple \u00e9tant de recourir \u00e0 notre solution h\u00e9berg\u00e9e. Vous rendez ainsi vos donn\u00e9es disponibles \u00e0 tout utilisateur, comptable ou collaborateur, qui dispose d&rsquo;Internet, sans aucune contrainte g\u00e9ographique.<\/p>\n<\/div><\/div><\/div><div class=\"fusion-panel panel-default\" role=\"tabpanel\"><div class=\"panel-heading\"><h4 class=\"panel-title toggle\"><a aria-expanded=\"false\" aria-selected=\"false\" aria-controls=\"0c8e40bbceeb630d1\" role=\"tab\" data-toggle=\"collapse\" data-parent=\"#accordion-212-1\" data-target=\"#0c8e40bbceeb630d1\" href=\"#0c8e40bbceeb630d1\"><span class=\"fusion-toggle-icon-wrapper\" aria-hidden=\"true\"><i class=\"fa-fusion-box\"><\/i><\/span><span class=\"fusion-toggle-heading\">Je reprends ma comptabilit\u00e9 en interne, comment r\u00e9cup\u00e9rer mes donn\u00e9es ? <\/span><\/a><\/h4><\/div><div id=\"0c8e40bbceeb630d1\" class=\"panel-collapse collapse \"><div class=\"panel-body toggle-content fusion-clearfix\">\n<p>Si votre (expert)comptable utilise lui-m\u00eame Integral, il suffit simplement de r\u00e9cup\u00e9rer les donn\u00e9es qu&rsquo;il a d\u00e9j\u00e0 pr\u00e9par\u00e9es pour vous, au moyen d&rsquo;une proc\u00e9dure de sauvegarde\/restauration interne au logiciel. Sinon, l&rsquo;ensemble de vos clients, fournisseurs ou \u00e9ventuels articles peuvent \u00eatre import\u00e9s dans le logiciel au moyen de fichier .xls (Excel).<\/p>\n<\/div><\/div><\/div><div class=\"fusion-panel panel-default\" role=\"tabpanel\"><div class=\"panel-heading\"><h4 class=\"panel-title toggle\"><a aria-expanded=\"false\" aria-selected=\"false\" aria-controls=\"92dfeb46283a2b7d2\" role=\"tab\" data-toggle=\"collapse\" data-parent=\"#accordion-212-1\" data-target=\"#92dfeb46283a2b7d2\" href=\"#92dfeb46283a2b7d2\"><span class=\"fusion-toggle-icon-wrapper\" aria-hidden=\"true\"><i class=\"fa-fusion-box\"><\/i><\/span><span class=\"fusion-toggle-heading\"> Je suis ind\u00e9pendant et je ne connais rien en comptabilit\u00e9, Integral peut-il m'aider ? <\/span><\/a><\/h4><\/div><div id=\"92dfeb46283a2b7d2\" class=\"panel-collapse collapse \"><div class=\"panel-body toggle-content fusion-clearfix\">\n<p>Certainement, son ergonomie et sa simplicit\u00e9 permettent \u00e0 n&rsquo;importe quel utilisateur de g\u00e9rer son activit\u00e9, commerciale comme administrative. Le simple fait d&rsquo;encoder vos factures d&rsquo;achat et de vente, par exemple, vous donne directement la possibilit\u00e9 de d\u00e9poser votre TVA \u00e9lectroniquement.<\/p>\n<\/div><\/div><\/div><\/div><\/div><div class=\"fusion-clearfix\"><\/div>\n\n\t\t\t\t\t<\/div>\n\t\t\t\t<\/div><\/div><\/div><\/p>\n","protected":false},"excerpt":{"rendered":"","protected":false},"author":4,"featured_media":0,"parent":0,"menu_order":0,"comment_status":"closed","ping_status":"closed","template":"","meta":{"_monsterinsights_skip_tracking":false,"_monsterinsights_sitenote_active":false,"_monsterinsights_sitenote_note":"","_monsterinsights_sitenote_category":0,"footnotes":""},"class_list":["post-212","page","type-page","status-publish","hentry"],"aioseo_notices":[],"_links":{"self":[{"href":"https:\/\/integral.software\/fr\/wp-json\/wp\/v2\/pages\/212","targetHints":{"allow":["GET"]}}],"collection":[{"href":"https:\/\/integral.software\/fr\/wp-json\/wp\/v2\/pages"}],"about":[{"href":"https:\/\/integral.software\/fr\/wp-json\/wp\/v2\/types\/page"}],"author":[{"embeddable":true,"href":"https:\/\/integral.software\/fr\/wp-json\/wp\/v2\/users\/4"}],"replies":[{"embeddable":true,"href":"https:\/\/integral.software\/fr\/wp-json\/wp\/v2\/comments?post=212"}],"version-history":[{"count":4,"href":"https:\/\/integral.software\/fr\/wp-json\/wp\/v2\/pages\/212\/revisions"}],"predecessor-version":[{"id":218,"href":"https:\/\/integral.software\/fr\/wp-json\/wp\/v2\/pages\/212\/revisions\/218"}],"wp:attachment":[{"href":"https:\/\/integral.software\/fr\/wp-json\/wp\/v2\/media?parent=212"}],"curies":[{"name":"wp","href":"https:\/\/api.w.org\/{rel}","templated":true}]}}