{"id":188,"date":"2019-11-30T15:51:52","date_gmt":"2019-11-30T15:51:52","guid":{"rendered":"https:\/\/www.integral.be\/?page_id=188"},"modified":"2019-11-30T16:16:51","modified_gmt":"2019-11-30T16:16:51","slug":"formations","status":"publish","type":"page","link":"https:\/\/integral.software\/fr\/formations\/","title":{"rendered":"Formations"},"content":{"rendered":"<div class=\"fusion-fullwidth fullwidth-box fusion-builder-row-1 nonhundred-percent-fullwidth non-hundred-percent-height-scrolling\"  style='background-color: rgba(255,255,255,0);background-position: center center;background-repeat: no-repeat;padding-top:0px;padding-right:0px;padding-bottom:0px;padding-left:0px;'><div class=\"fusion-builder-row fusion-row \"><div  class=\"fusion-layout-column fusion_builder_column fusion_builder_column_1_1 fusion-builder-column-1 fusion-one-full fusion-column-first fusion-column-last 1_1\"  style='margin-top:0px;margin-bottom:20px;'>\n\t\t\t\t\t<div class=\"fusion-column-wrapper\" style=\"padding: 0px 0px 0px 0px;background-position:left top;background-repeat:no-repeat;-webkit-background-size:cover;-moz-background-size:cover;-o-background-size:cover;background-size:cover;\"   data-bg-url=\"\">\n\t\t\t\t\t\t<div class=\"fusion-text\"><p><img loading=\"lazy\" decoding=\"async\" class=\"size-medium wp-image-189 alignright\" src=\"https:\/\/www.integral.be\/wp-content\/uploads\/2019\/11\/formation-erp-300x210.jpg\" alt=\"formation-erp\" width=\"300\" height=\"210\" srcset=\"https:\/\/integral.software\/wp-content\/uploads\/2019\/11\/formation-erp-200x140.jpg 200w, https:\/\/integral.software\/wp-content\/uploads\/2019\/11\/formation-erp-300x210.jpg 300w, https:\/\/integral.software\/wp-content\/uploads\/2019\/11\/formation-erp-400x280.jpg 400w, https:\/\/integral.software\/wp-content\/uploads\/2019\/11\/formation-erp.jpg 500w\" sizes=\"auto, (max-width: 300px) 100vw, 300px\" \/>En choisissant Integral, vous disposez d&rsquo;un\u00a0<strong>outil de gestion performant<\/strong>\u00a0et adapt\u00e9 \u00e0 votre m\u00e9tier, votre entreprise et votre activit\u00e9. Vos processus de gestion seront support\u00e9s par les nombreux modules que nous proposons \u00e0 travers notre solution, depuis la gestion des contacts commerciaux jusqu&rsquo;\u00e0 l&rsquo;impression des bilans complets. Plus qu&rsquo;un simple logiciel de gestion et de comptabilit\u00e9, Integral est un\u00a0<strong>v\u00e9ritable progiciel (ou ERP)<\/strong>\u00a0qui vous accompagne dans le management de votre activit\u00e9 et de votre entreprise.<\/p>\n<p>Derri\u00e8re cet outil, nos\u00a0<strong>d\u00e9veloppeurs<\/strong>\u00a0et nos\u00a0<strong>conseillers<\/strong>\u00a0se tiennent \u00e0 votre disposition pour identifier vos besoins et vous\u00a0<strong>former \u00e0 la prise en main<\/strong>\u00a0du logiciel\u00a0<strong>Integral<\/strong>.<\/p>\n<p>Nous vous proposons ainsi\u00a0<strong>diverses formations\u00a0<\/strong>pour vous accompagner dans la\u00a0<strong>mise en place\u00a0<\/strong>et\u00a0<strong>l&rsquo;utilisation<\/strong>\u00a0du logiciel Integral dans votre soci\u00e9t\u00e9. Ces formations se d\u00e9roulent \u00e0 votre meilleure convenance, \u00e0 Mons en nos locaux ou sur site. Ces<strong> s\u00e9ances sont totalement personnalis\u00e9es<\/strong> et vous pourrez y poser toutes les questions qui vous seront utiles.<\/p>\n<p>Nous conseillons toujours aux nouveaux signataires de <strong>d\u00e9marrer<\/strong> avec la formule \u00ab\u00a0Initiation\u00a0\u00bb (forfait de 6 heures de formation). Vous pouvez ensuite faire appel \u00e0 nos services de formation de mani\u00e8re plus ponctuelle, en fonction de vos besoins.<\/p>\n<\/div><div class=\"fusion-clearfix\"><\/div>\n\n\t\t\t\t\t<\/div>\n\t\t\t\t<\/div><\/div><\/div>\n","protected":false},"excerpt":{"rendered":"","protected":false},"author":4,"featured_media":0,"parent":0,"menu_order":0,"comment_status":"closed","ping_status":"closed","template":"","meta":{"_monsterinsights_skip_tracking":false,"_monsterinsights_sitenote_active":false,"_monsterinsights_sitenote_note":"","_monsterinsights_sitenote_category":0,"footnotes":""},"class_list":["post-188","page","type-page","status-publish","hentry"],"aioseo_notices":[],"_links":{"self":[{"href":"https:\/\/integral.software\/fr\/wp-json\/wp\/v2\/pages\/188","targetHints":{"allow":["GET"]}}],"collection":[{"href":"https:\/\/integral.software\/fr\/wp-json\/wp\/v2\/pages"}],"about":[{"href":"https:\/\/integral.software\/fr\/wp-json\/wp\/v2\/types\/page"}],"author":[{"embeddable":true,"href":"https:\/\/integral.software\/fr\/wp-json\/wp\/v2\/users\/4"}],"replies":[{"embeddable":true,"href":"https:\/\/integral.software\/fr\/wp-json\/wp\/v2\/comments?post=188"}],"version-history":[{"count":2,"href":"https:\/\/integral.software\/fr\/wp-json\/wp\/v2\/pages\/188\/revisions"}],"predecessor-version":[{"id":207,"href":"https:\/\/integral.software\/fr\/wp-json\/wp\/v2\/pages\/188\/revisions\/207"}],"wp:attachment":[{"href":"https:\/\/integral.software\/fr\/wp-json\/wp\/v2\/media?parent=188"}],"curies":[{"name":"wp","href":"https:\/\/api.w.org\/{rel}","templated":true}]}}