{"id":1009,"date":"2021-10-15T16:32:57","date_gmt":"2021-10-15T14:32:57","guid":{"rendered":"https:\/\/www.integral.be\/?page_id=1009"},"modified":"2022-03-30T14:07:57","modified_gmt":"2022-03-30T12:07:57","slug":"partenaires","status":"publish","type":"page","link":"https:\/\/integral.software\/fr\/partenaires\/","title":{"rendered":"Partenaires"},"content":{"rendered":"<div class=\"fusion-fullwidth fullwidth-box fusion-builder-row-1 nonhundred-percent-fullwidth non-hundred-percent-height-scrolling\"  style='background-color: rgba(255,255,255,0);background-position: center center;background-repeat: no-repeat;padding-top:0px;padding-right:0px;padding-bottom:0px;padding-left:0px;'><div class=\"fusion-builder-row fusion-row \"><div  class=\"fusion-layout-column fusion_builder_column fusion_builder_column_1_1 fusion-builder-column-1 fusion-one-full fusion-column-first fusion-column-last 1_1\"  style='margin-top:0px;margin-bottom:0px;'>\n\t\t\t\t\t<div class=\"fusion-column-wrapper\" style=\"padding: 0px 0px 0px 0px;background-position:left top;background-repeat:no-repeat;-webkit-background-size:cover;-moz-background-size:cover;-o-background-size:cover;background-size:cover;\"   data-bg-url=\"\">\n\t\t\t\t\t\t<div class=\"fusion-text\"><p>Integral Software S.A. est le concepteur et l\u2019\u00e9diteur du logiciel de gestion d\u2019entreprise INTEGRAL.<\/p>\n<p>Notre soci\u00e9t\u00e9 s\u2019occupe exclusivement du d\u00e9veloppement logiciel, de sa maintenance et de sa mise sur le march\u00e9. Le logiciel est vendu sous forme d\u2019un abonnement comprenant le co\u00fbt de la licence, et de toutes les mises \u00e0 jours futures.<\/p>\n<p>Integral Software S.A. ne vend pas de \u00ab hardware \u00bb. Pour cet aspect, nous faisons appel \u00e0 nos partenaires vers lesquels nous pouvons vous orienter en fonction de la r\u00e9gion et des besoins.<\/p>\n<p>Integral Software S.A. dispose \u00e9galement d\u2019un <a href=\"https:\/\/www.integral.be\/fr\/service\/\">service de support<\/a> et <a href=\"https:\/\/www.integral.be\/fr\/formations\/\">formation<\/a> auquel les clients ainsi que les partenaires peuvent faire appel.<\/p>\n<p>Notre zone de couverture s\u2019\u00e9tend sur la Belgique (Wallonie et Flandre), sur le Luxembourg et en Afrique pour les \u00e9tats membres de l\u2019OHADA. Des implantations du logiciel dans d\u2019autres pays existent sans pour autant disposer d\u2019une repr\u00e9sentation locale.<\/p>\n<p>Nous recevons r\u00e9guli\u00e8rement des demandes de prospects que nous orientons vers nos partenaires quand cela est possible.<\/p>\n<p>Integral Software S.A. dispose de <strong>deux niveaux de partenariat<\/strong>, ceux-ci sont adapt\u00e9s \u00e0 votre situation et vos envies.<\/p>\n<p>~ <strong><em>Authorized reseller<\/em><\/strong>. Vous recevez des demandes de vos clients ou connaissances mais vous n\u2019avez pas l\u2019infrastructure ou les ressources que pour pouvoir g\u00e9rer cela en interne ? Pas de soucis, vous nous transmettez les informations les plus compl\u00e8tes possibles sur le lead ainsi que la demande initiale. Nos services contr\u00f4leront les donn\u00e9es pour valider l\u2019acceptation. A partir de ce moment, nos \u00e9quipes se chargent de tout : prise de contact, d\u00e9monstration, explications, et m\u00eame la mise en place, si n\u00e9cessaire. Votre prospect reste accroch\u00e9 \u00e0 votre compte, chez Integral Software S.A., nous respectons nos partenaires, relation \u00ab\u00a0win-win\u00a0\u00bb.<\/p>\n<p>~<em><strong> Certified reseller<\/strong><\/em>. En plus des possibilit\u00e9s du programme <em>\u00ab\u00a0Authorised\u00a0\u00bb<\/em>, vous disposez d\u2019une structure et des ressources en interne, vous avez l\u2019habitude de travailler avec les entrepreneurs, ind\u00e9pendants, TPE, PME, et vous souhaitez inclure votre valeur ajout\u00e9e. Vous pouvez utiliser notre solution logicielle Integral en interne \u00e0 des conditions sp\u00e9cifiques qui vous permettront de vous former, de proposer, de mettre en place et m\u00eame assurer des formations.<\/p>\n<p>Dans un cas comme dans l\u2019autre, Integral Software S.A. s\u2019engage \u00e0 traiter les donn\u00e9es de mani\u00e8re confidentielle et \u00e0 respecter ses engagements envers ses partenaires. De leur c\u00f4t\u00e9, nos partenaires doivent respecter nos valeurs. Chez Integral Software S.A. nous pla\u00e7ons toujours le client au centre de nos pr\u00e9occupations.<\/p>\n<p>Pour plus d\u2019informations \u00e0 propos des possibilit\u00e9s offertes et des conditions, merci de prendre <a href=\"https:\/\/www.integral.be\/fr\/\">contact<\/a> avec notre \u00e9quipe du support Integral.<\/p>\n<\/div><div class=\"fusion-clearfix\"><\/div>\n\n\t\t\t\t\t<\/div>\n\t\t\t\t<\/div><\/div><\/div>\n","protected":false},"excerpt":{"rendered":"","protected":false},"author":4,"featured_media":1014,"parent":0,"menu_order":0,"comment_status":"closed","ping_status":"closed","template":"","meta":{"_monsterinsights_skip_tracking":false,"_monsterinsights_sitenote_active":false,"_monsterinsights_sitenote_note":"","_monsterinsights_sitenote_category":0,"footnotes":""},"class_list":["post-1009","page","type-page","status-publish","has-post-thumbnail","hentry"],"aioseo_notices":[],"_links":{"self":[{"href":"https:\/\/integral.software\/fr\/wp-json\/wp\/v2\/pages\/1009","targetHints":{"allow":["GET"]}}],"collection":[{"href":"https:\/\/integral.software\/fr\/wp-json\/wp\/v2\/pages"}],"about":[{"href":"https:\/\/integral.software\/fr\/wp-json\/wp\/v2\/types\/page"}],"author":[{"embeddable":true,"href":"https:\/\/integral.software\/fr\/wp-json\/wp\/v2\/users\/4"}],"replies":[{"embeddable":true,"href":"https:\/\/integral.software\/fr\/wp-json\/wp\/v2\/comments?post=1009"}],"version-history":[{"count":5,"href":"https:\/\/integral.software\/fr\/wp-json\/wp\/v2\/pages\/1009\/revisions"}],"predecessor-version":[{"id":1052,"href":"https:\/\/integral.software\/fr\/wp-json\/wp\/v2\/pages\/1009\/revisions\/1052"}],"wp:featuredmedia":[{"embeddable":true,"href":"https:\/\/integral.software\/fr\/wp-json\/wp\/v2\/media\/1014"}],"wp:attachment":[{"href":"https:\/\/integral.software\/fr\/wp-json\/wp\/v2\/media?parent=1009"}],"curies":[{"name":"wp","href":"https:\/\/api.w.org\/{rel}","templated":true}]}}